{"id":410,"date":"2022-01-17T16:28:32","date_gmt":"2022-01-17T16:28:32","guid":{"rendered":"https:\/\/www.soho.is\/?post_type=product&#038;p=410"},"modified":"2025-08-28T11:21:47","modified_gmt":"2025-08-28T11:21:47","slug":"kjotrettur","status":"publish","type":"product","link":"https:\/\/www.soho.is\/en\/product\/kjotrettur\/","title":{"rendered":"Today&#039;s meat dish"},"content":{"rendered":"","protected":false},"excerpt":{"rendered":"<p>The meat dish of the day can be found on the menu.<\/p>","protected":false},"featured_media":2000,"comment_status":"closed","ping_status":"closed","template":"","meta":{"_acf_changed":false},"product_brand":[],"product_cat":[35],"product_tag":[],"class_list":{"0":"post-410","1":"product","2":"type-product","3":"status-publish","4":"has-post-thumbnail","6":"product_cat-rettir-dagsins","8":"first","9":"instock","10":"shipping-taxable","11":"purchasable","12":"product-type-simple"},"acf":[],"yoast_head":"<!-- This site is optimized with the Yoast SEO Premium plugin v27.4 (Yoast SEO v27.4) - https:\/\/yoast.com\/product\/yoast-seo-premium-wordpress\/ -->\n<title>Kj\u00f6tr\u00e9ttur dagsins - Soho.is<\/title>\n<meta name=\"robots\" content=\"index, follow, max-snippet:-1, max-image-preview:large, max-video-preview:-1\" \/>\n<link rel=\"canonical\" href=\"https:\/\/www.soho.is\/en\/product\/kjotrettur\/\" \/>\n<meta property=\"og:locale\" content=\"en_US\" \/>\n<meta property=\"og:type\" content=\"article\" \/>\n<meta property=\"og:title\" content=\"Kj\u00f6tr\u00e9ttur dagsins\" \/>\n<meta property=\"og:description\" content=\"Kj\u00f6tr\u00e9ttur dagsins m\u00e1 finna \u00e1 matse\u00f0li.\" \/>\n<meta property=\"og:url\" content=\"https:\/\/www.soho.is\/en\/product\/kjotrettur\/\" \/>\n<meta property=\"og:site_name\" content=\"Soho.is\" \/>\n<meta property=\"article:publisher\" content=\"https:\/\/www.facebook.com\/SohoKeflavik\" \/>\n<meta property=\"article:modified_time\" content=\"2025-08-28T11:21:47+00:00\" \/>\n<meta property=\"og:image\" content=\"https:\/\/www.soho.is\/wp-content\/uploads\/2024\/03\/Hladbord--scaled.jpg\" \/>\n\t<meta property=\"og:image:width\" content=\"1707\" \/>\n\t<meta property=\"og:image:height\" content=\"2560\" \/>\n\t<meta property=\"og:image:type\" content=\"image\/jpeg\" \/>\n<meta name=\"twitter:card\" content=\"summary_large_image\" \/>\n<meta name=\"twitter:label1\" content=\"Est. reading time\" \/>\n\t<meta name=\"twitter:data1\" content=\"1 minute\" \/>\n<script type=\"application\/ld+json\" class=\"yoast-schema-graph\">{\"@context\":\"https:\\\/\\\/schema.org\",\"@graph\":[{\"@type\":\"WebPage\",\"@id\":\"https:\\\/\\\/www.soho.is\\\/vara\\\/kjotrettur\\\/\",\"url\":\"https:\\\/\\\/www.soho.is\\\/vara\\\/kjotrettur\\\/\",\"name\":\"Kj\u00f6tr\u00e9ttur dagsins - Soho.is\",\"isPartOf\":{\"@id\":\"https:\\\/\\\/www.soho.is\\\/#website\"},\"primaryImageOfPage\":{\"@id\":\"https:\\\/\\\/www.soho.is\\\/vara\\\/kjotrettur\\\/#primaryimage\"},\"image\":{\"@id\":\"https:\\\/\\\/www.soho.is\\\/vara\\\/kjotrettur\\\/#primaryimage\"},\"thumbnailUrl\":\"https:\\\/\\\/www.soho.is\\\/wp-content\\\/uploads\\\/2023\\\/04\\\/meat.svg\",\"datePublished\":\"2022-01-17T16:28:32+00:00\",\"dateModified\":\"2025-08-28T11:21:47+00:00\",\"breadcrumb\":{\"@id\":\"https:\\\/\\\/www.soho.is\\\/vara\\\/kjotrettur\\\/#breadcrumb\"},\"inLanguage\":\"en-US\",\"potentialAction\":[{\"@type\":\"ReadAction\",\"target\":[\"https:\\\/\\\/www.soho.is\\\/vara\\\/kjotrettur\\\/\"]}]},{\"@type\":\"ImageObject\",\"inLanguage\":\"en-US\",\"@id\":\"https:\\\/\\\/www.soho.is\\\/vara\\\/kjotrettur\\\/#primaryimage\",\"url\":\"https:\\\/\\\/www.soho.is\\\/wp-content\\\/uploads\\\/2023\\\/04\\\/meat.svg\",\"contentUrl\":\"https:\\\/\\\/www.soho.is\\\/wp-content\\\/uploads\\\/2023\\\/04\\\/meat.svg\",\"width\":682,\"height\":682},{\"@type\":\"BreadcrumbList\",\"@id\":\"https:\\\/\\\/www.soho.is\\\/vara\\\/kjotrettur\\\/#breadcrumb\",\"itemListElement\":[{\"@type\":\"ListItem\",\"position\":1,\"name\":\"Home\",\"item\":\"https:\\\/\\\/www.soho.is\\\/\"},{\"@type\":\"ListItem\",\"position\":2,\"name\":\"vef\",\"item\":\"https:\\\/\\\/sohokeflavik.is\\\/vef\\\/\"},{\"@type\":\"ListItem\",\"position\":3,\"name\":\"Kj\u00f6tr\u00e9ttur dagsins\"}]},{\"@type\":\"WebSite\",\"@id\":\"https:\\\/\\\/www.soho.is\\\/#website\",\"url\":\"https:\\\/\\\/www.soho.is\\\/\",\"name\":\"Soho Keflav\u00edk\",\"description\":\"Soho Veislu\u00fej\u00f3nusta\",\"publisher\":{\"@id\":\"https:\\\/\\\/www.soho.is\\\/#organization\"},\"alternateName\":\"Soho - Veislu\u00fej\u00f3nusta\",\"potentialAction\":[{\"@type\":\"SearchAction\",\"target\":{\"@type\":\"EntryPoint\",\"urlTemplate\":\"https:\\\/\\\/www.soho.is\\\/?s={search_term_string}\"},\"query-input\":{\"@type\":\"PropertyValueSpecification\",\"valueRequired\":true,\"valueName\":\"search_term_string\"}}],\"inLanguage\":\"en-US\"},{\"@type\":\"Organization\",\"@id\":\"https:\\\/\\\/www.soho.is\\\/#organization\",\"name\":\"Soho Veislu\u00fej\u00f3nusta\",\"alternateName\":\"Soho Keflav\u00edk\",\"url\":\"https:\\\/\\\/www.soho.is\\\/\",\"logo\":{\"@type\":\"ImageObject\",\"inLanguage\":\"en-US\",\"@id\":\"https:\\\/\\\/www.soho.is\\\/#\\\/schema\\\/logo\\\/image\\\/\",\"url\":\"https:\\\/\\\/www.soho.is\\\/wp-content\\\/uploads\\\/2021\\\/10\\\/sohoverslun-logo.png\",\"contentUrl\":\"https:\\\/\\\/www.soho.is\\\/wp-content\\\/uploads\\\/2021\\\/10\\\/sohoverslun-logo.png\",\"width\":847,\"height\":300,\"caption\":\"Soho Veislu\u00fej\u00f3nusta\"},\"image\":{\"@id\":\"https:\\\/\\\/www.soho.is\\\/#\\\/schema\\\/logo\\\/image\\\/\"},\"sameAs\":[\"https:\\\/\\\/www.facebook.com\\\/SohoKeflavik\",\"https:\\\/\\\/www.instagram.com\\\/sohokeflavik\\\/\"],\"description\":\"Soho Catering - veislu\u00fej\u00f3nusta\",\"email\":\"soho@soho.is\",\"telephone\":\"+354 4217646\",\"legalName\":\"Soho ehf.\",\"ownershipFundingInfo\":\"https:\\\/\\\/www.soho.is\\\/um-okkur\\\/\",\"correctionsPolicy\":\"https:\\\/\\\/www.soho.is\\\/skilmalar\\\/\",\"ethicsPolicy\":\"https:\\\/\\\/www.soho.is\\\/skilmalar\\\/\"}]}<\/script>\n<!-- \/ Yoast SEO Premium plugin. -->","yoast_head_json":{"title":"Meat dish of the day - Soho.is","robots":{"index":"index","follow":"follow","max-snippet":"max-snippet:-1","max-image-preview":"max-image-preview:large","max-video-preview":"max-video-preview:-1"},"canonical":"https:\/\/www.soho.is\/en\/product\/kjotrettur\/","og_locale":"en_US","og_type":"article","og_title":"Kj\u00f6tr\u00e9ttur dagsins","og_description":"Kj\u00f6tr\u00e9ttur dagsins m\u00e1 finna \u00e1 matse\u00f0li.","og_url":"https:\/\/www.soho.is\/en\/product\/kjotrettur\/","og_site_name":"Soho.is","article_publisher":"https:\/\/www.facebook.com\/SohoKeflavik","article_modified_time":"2025-08-28T11:21:47+00:00","og_image":[{"width":1707,"height":2560,"url":"https:\/\/www.soho.is\/wp-content\/uploads\/2024\/03\/Hladbord--scaled.jpg","type":"image\/jpeg"}],"twitter_card":"summary_large_image","twitter_misc":{"Est. reading time":"1 minute"},"schema":{"@context":"https:\/\/schema.org","@graph":[{"@type":"WebPage","@id":"https:\/\/www.soho.is\/vara\/kjotrettur\/","url":"https:\/\/www.soho.is\/vara\/kjotrettur\/","name":"Meat dish of the day - Soho.is","isPartOf":{"@id":"https:\/\/www.soho.is\/#website"},"primaryImageOfPage":{"@id":"https:\/\/www.soho.is\/vara\/kjotrettur\/#primaryimage"},"image":{"@id":"https:\/\/www.soho.is\/vara\/kjotrettur\/#primaryimage"},"thumbnailUrl":"https:\/\/www.soho.is\/wp-content\/uploads\/2023\/04\/meat.svg","datePublished":"2022-01-17T16:28:32+00:00","dateModified":"2025-08-28T11:21:47+00:00","breadcrumb":{"@id":"https:\/\/www.soho.is\/vara\/kjotrettur\/#breadcrumb"},"inLanguage":"en-US","potentialAction":[{"@type":"ReadAction","target":["https:\/\/www.soho.is\/vara\/kjotrettur\/"]}]},{"@type":"ImageObject","inLanguage":"en-US","@id":"https:\/\/www.soho.is\/vara\/kjotrettur\/#primaryimage","url":"https:\/\/www.soho.is\/wp-content\/uploads\/2023\/04\/meat.svg","contentUrl":"https:\/\/www.soho.is\/wp-content\/uploads\/2023\/04\/meat.svg","width":682,"height":682},{"@type":"BreadcrumbList","@id":"https:\/\/www.soho.is\/vara\/kjotrettur\/#breadcrumb","itemListElement":[{"@type":"ListItem","position":1,"name":"Home","item":"https:\/\/www.soho.is\/"},{"@type":"ListItem","position":2,"name":"vef","item":"https:\/\/sohokeflavik.is\/vef\/"},{"@type":"ListItem","position":3,"name":"Kj\u00f6tr\u00e9ttur dagsins"}]},{"@type":"WebSite","@id":"https:\/\/www.soho.is\/#website","url":"https:\/\/www.soho.is\/","name":"Soho Keflavik","description":"Soho Catering","publisher":{"@id":"https:\/\/www.soho.is\/#organization"},"alternateName":"Soho - Veislu\u00fej\u00f3nusta","potentialAction":[{"@type":"SearchAction","target":{"@type":"EntryPoint","urlTemplate":"https:\/\/www.soho.is\/?s={search_term_string}"},"query-input":{"@type":"PropertyValueSpecification","valueRequired":true,"valueName":"search_term_string"}}],"inLanguage":"en-US"},{"@type":"Organization","@id":"https:\/\/www.soho.is\/#organization","name":"Soho Catering","alternateName":"Soho Keflav\u00edk","url":"https:\/\/www.soho.is\/","logo":{"@type":"ImageObject","inLanguage":"en-US","@id":"https:\/\/www.soho.is\/#\/schema\/logo\/image\/","url":"https:\/\/www.soho.is\/wp-content\/uploads\/2021\/10\/sohoverslun-logo.png","contentUrl":"https:\/\/www.soho.is\/wp-content\/uploads\/2021\/10\/sohoverslun-logo.png","width":847,"height":300,"caption":"Soho Veislu\u00fej\u00f3nusta"},"image":{"@id":"https:\/\/www.soho.is\/#\/schema\/logo\/image\/"},"sameAs":["https:\/\/www.facebook.com\/SohoKeflavik","https:\/\/www.instagram.com\/sohokeflavik\/"],"description":"Soho Catering - catering services","email":"soho@soho.is","telephone":"+354 4217646","legalName":"Soho ehf.","ownershipFundingInfo":"https:\/\/www.soho.is\/um-okkur\/","correctionsPolicy":"https:\/\/www.soho.is\/skilmalar\/","ethicsPolicy":"https:\/\/www.soho.is\/skilmalar\/"}]}},"_links":{"self":[{"href":"https:\/\/www.soho.is\/en\/wp-json\/wp\/v2\/product\/410","targetHints":{"allow":["GET"]}}],"collection":[{"href":"https:\/\/www.soho.is\/en\/wp-json\/wp\/v2\/product"}],"about":[{"href":"https:\/\/www.soho.is\/en\/wp-json\/wp\/v2\/types\/product"}],"replies":[{"embeddable":true,"href":"https:\/\/www.soho.is\/en\/wp-json\/wp\/v2\/comments?post=410"}],"wp:featuredmedia":[{"embeddable":true,"href":"https:\/\/www.soho.is\/en\/wp-json\/wp\/v2\/media\/2000"}],"wp:attachment":[{"href":"https:\/\/www.soho.is\/en\/wp-json\/wp\/v2\/media?parent=410"}],"wp:term":[{"taxonomy":"product_brand","embeddable":true,"href":"https:\/\/www.soho.is\/en\/wp-json\/wp\/v2\/product_brand?post=410"},{"taxonomy":"product_cat","embeddable":true,"href":"https:\/\/www.soho.is\/en\/wp-json\/wp\/v2\/product_cat?post=410"},{"taxonomy":"product_tag","embeddable":true,"href":"https:\/\/www.soho.is\/en\/wp-json\/wp\/v2\/product_tag?post=410"}],"curies":[{"name":"wp","href":"https:\/\/api.w.org\/{rel}","templated":true}]}}