{"id":3615,"date":"2023-09-07T12:51:11","date_gmt":"2023-09-07T12:51:11","guid":{"rendered":"https:\/\/www.soho.is\/?post_type=product&#038;p=3615"},"modified":"2023-11-22T11:37:04","modified_gmt":"2023-11-22T11:37:04","slug":"nauta-pottrettur","status":"publish","type":"product","link":"https:\/\/www.soho.is\/en\/product\/nauta-pottrettur\/","title":{"rendered":"Beef stew"},"content":{"rendered":"","protected":false},"excerpt":{"rendered":"<p>Casseroles are sold in portions and the minimum order is 10 portions.<\/p>\n<p>One serving per person.<\/p>\n<p>There is a choice of 3 side dishes.<\/p>\n<p>You can choose a combination:<\/p>\n<ul>\n<li>Stroganoff with mushrooms in a cream sauce<\/li>\n<li>In a mild pepper sauce with mushrooms, onions and vegetables<\/li>\n<li>In a mild chili sauce &quot;Mole&quot; added with cinnamon, cloves and chocolate &quot;Mexico&quot;<\/li>\n<li>In a South American sauce with black beans<\/li>\n<\/ul>","protected":false},"featured_media":3598,"comment_status":"open","ping_status":"closed","template":"","meta":{"_acf_changed":false},"product_brand":[],"product_cat":[49],"product_tag":[],"class_list":{"0":"post-3615","1":"product","2":"type-product","3":"status-publish","4":"has-post-thumbnail","6":"product_cat-pottrettir","8":"first","9":"instock","10":"shipping-taxable","11":"purchasable","12":"product-type-simple"},"acf":[],"yoast_head":"<!-- This site is optimized with the Yoast SEO Premium plugin v27.4 (Yoast SEO v27.4) - https:\/\/yoast.com\/product\/yoast-seo-premium-wordpress\/ -->\n<title>Nauta pottr\u00e9ttur - Soho.is<\/title>\n<meta name=\"robots\" content=\"index, follow, max-snippet:-1, max-image-preview:large, max-video-preview:-1\" \/>\n<link rel=\"canonical\" href=\"https:\/\/sohokeflavik.is\/vara\/nauta-pottrettur\/\" \/>\n<meta property=\"og:locale\" content=\"en_US\" \/>\n<meta property=\"og:type\" content=\"article\" \/>\n<meta property=\"og:title\" content=\"Nauta pottr\u00e9ttur\" \/>\n<meta property=\"og:description\" content=\"Pottr\u00e9ttir eru seldir \u00ed sk\u00f6mmtum og l\u00e1gmarksp\u00f6ntun eru 10 skammtar.  Einn skammtur \u00e1 mann.  Vali\u00f0 er um 3 me\u00f0l\u00e6ti.  H\u00e6gt a\u00f0 velja um samsetningu:   Stroganoff me\u00f0 sveppum \u00ed rj\u00f3mas\u00f3su  \u00cd mildri pipars\u00f3su me\u00f0 sveppum lauk og gr\u00e6nmeti  \u00cd mildri chili s\u00f3su \u201cMole\u201d b\u00e6ttri me\u00f0 kanil, negul og s\u00fakkula\u00f0i \u201cMexik\u00f3\u201d  \u00cd su\u00f0ur amer\u00edskri s\u00f3su me\u00f0 sv\u00f6rtum baunum\" \/>\n<meta property=\"og:url\" content=\"https:\/\/sohokeflavik.is\/vara\/nauta-pottrettur\/\" \/>\n<meta property=\"og:site_name\" content=\"Soho.is\" \/>\n<meta property=\"article:publisher\" content=\"https:\/\/www.facebook.com\/SohoKeflavik\" \/>\n<meta property=\"article:modified_time\" content=\"2023-11-22T11:37:04+00:00\" \/>\n<meta property=\"og:image\" content=\"https:\/\/sohokeflavik.is\/wp-content\/uploads\/2023\/08\/delicious-goulash-ready-dinner-1.jpg\" \/>\n\t<meta property=\"og:image:width\" content=\"1000\" \/>\n\t<meta property=\"og:image:height\" content=\"668\" \/>\n\t<meta property=\"og:image:type\" content=\"image\/jpeg\" \/>\n<meta name=\"twitter:card\" content=\"summary_large_image\" \/>\n<script type=\"application\/ld+json\" class=\"yoast-schema-graph\">{\"@context\":\"https:\\\/\\\/schema.org\",\"@graph\":[{\"@type\":\"WebPage\",\"@id\":\"https:\\\/\\\/sohokeflavik.is\\\/vara\\\/nauta-pottrettur\\\/\",\"url\":\"https:\\\/\\\/sohokeflavik.is\\\/vara\\\/nauta-pottrettur\\\/\",\"name\":\"Nauta pottr\u00e9ttur - Soho.is\",\"isPartOf\":{\"@id\":\"https:\\\/\\\/www.soho.is\\\/#website\"},\"primaryImageOfPage\":{\"@id\":\"https:\\\/\\\/sohokeflavik.is\\\/vara\\\/nauta-pottrettur\\\/#primaryimage\"},\"image\":{\"@id\":\"https:\\\/\\\/sohokeflavik.is\\\/vara\\\/nauta-pottrettur\\\/#primaryimage\"},\"thumbnailUrl\":\"https:\\\/\\\/www.soho.is\\\/wp-content\\\/uploads\\\/2023\\\/08\\\/delicious-goulash-ready-dinner-1.jpg\",\"datePublished\":\"2023-09-07T12:51:11+00:00\",\"dateModified\":\"2023-11-22T11:37:04+00:00\",\"breadcrumb\":{\"@id\":\"https:\\\/\\\/sohokeflavik.is\\\/vara\\\/nauta-pottrettur\\\/#breadcrumb\"},\"inLanguage\":\"en-US\",\"potentialAction\":[{\"@type\":\"ReadAction\",\"target\":[\"https:\\\/\\\/sohokeflavik.is\\\/vara\\\/nauta-pottrettur\\\/\"]}]},{\"@type\":\"ImageObject\",\"inLanguage\":\"en-US\",\"@id\":\"https:\\\/\\\/sohokeflavik.is\\\/vara\\\/nauta-pottrettur\\\/#primaryimage\",\"url\":\"https:\\\/\\\/www.soho.is\\\/wp-content\\\/uploads\\\/2023\\\/08\\\/delicious-goulash-ready-dinner-1.jpg\",\"contentUrl\":\"https:\\\/\\\/www.soho.is\\\/wp-content\\\/uploads\\\/2023\\\/08\\\/delicious-goulash-ready-dinner-1.jpg\",\"width\":1000,\"height\":668},{\"@type\":\"BreadcrumbList\",\"@id\":\"https:\\\/\\\/sohokeflavik.is\\\/vara\\\/nauta-pottrettur\\\/#breadcrumb\",\"itemListElement\":[{\"@type\":\"ListItem\",\"position\":1,\"name\":\"Home\",\"item\":\"https:\\\/\\\/www.soho.is\\\/\"},{\"@type\":\"ListItem\",\"position\":2,\"name\":\"vef\",\"item\":\"https:\\\/\\\/sohokeflavik.is\\\/vef\\\/\"},{\"@type\":\"ListItem\",\"position\":3,\"name\":\"Nauta pottr\u00e9ttur\"}]},{\"@type\":\"WebSite\",\"@id\":\"https:\\\/\\\/www.soho.is\\\/#website\",\"url\":\"https:\\\/\\\/www.soho.is\\\/\",\"name\":\"Soho Keflav\u00edk\",\"description\":\"Soho Veislu\u00fej\u00f3nusta\",\"publisher\":{\"@id\":\"https:\\\/\\\/www.soho.is\\\/#organization\"},\"alternateName\":\"Soho - Veislu\u00fej\u00f3nusta\",\"potentialAction\":[{\"@type\":\"SearchAction\",\"target\":{\"@type\":\"EntryPoint\",\"urlTemplate\":\"https:\\\/\\\/www.soho.is\\\/?s={search_term_string}\"},\"query-input\":{\"@type\":\"PropertyValueSpecification\",\"valueRequired\":true,\"valueName\":\"search_term_string\"}}],\"inLanguage\":\"en-US\"},{\"@type\":\"Organization\",\"@id\":\"https:\\\/\\\/www.soho.is\\\/#organization\",\"name\":\"Soho Veislu\u00fej\u00f3nusta\",\"alternateName\":\"Soho Keflav\u00edk\",\"url\":\"https:\\\/\\\/www.soho.is\\\/\",\"logo\":{\"@type\":\"ImageObject\",\"inLanguage\":\"en-US\",\"@id\":\"https:\\\/\\\/www.soho.is\\\/#\\\/schema\\\/logo\\\/image\\\/\",\"url\":\"https:\\\/\\\/www.soho.is\\\/wp-content\\\/uploads\\\/2021\\\/10\\\/sohoverslun-logo.png\",\"contentUrl\":\"https:\\\/\\\/www.soho.is\\\/wp-content\\\/uploads\\\/2021\\\/10\\\/sohoverslun-logo.png\",\"width\":847,\"height\":300,\"caption\":\"Soho Veislu\u00fej\u00f3nusta\"},\"image\":{\"@id\":\"https:\\\/\\\/www.soho.is\\\/#\\\/schema\\\/logo\\\/image\\\/\"},\"sameAs\":[\"https:\\\/\\\/www.facebook.com\\\/SohoKeflavik\",\"https:\\\/\\\/www.instagram.com\\\/sohokeflavik\\\/\"],\"description\":\"Soho Catering - veislu\u00fej\u00f3nusta\",\"email\":\"soho@soho.is\",\"telephone\":\"+354 4217646\",\"legalName\":\"Soho ehf.\",\"ownershipFundingInfo\":\"https:\\\/\\\/www.soho.is\\\/um-okkur\\\/\",\"correctionsPolicy\":\"https:\\\/\\\/www.soho.is\\\/skilmalar\\\/\",\"ethicsPolicy\":\"https:\\\/\\\/www.soho.is\\\/skilmalar\\\/\"}]}<\/script>\n<!-- \/ Yoast SEO Premium plugin. -->","yoast_head_json":{"title":"Beef stew - Soho.is","robots":{"index":"index","follow":"follow","max-snippet":"max-snippet:-1","max-image-preview":"max-image-preview:large","max-video-preview":"max-video-preview:-1"},"canonical":"https:\/\/sohokeflavik.is\/vara\/nauta-pottrettur\/","og_locale":"en_US","og_type":"article","og_title":"Nauta pottr\u00e9ttur","og_description":"Pottr\u00e9ttir eru seldir \u00ed sk\u00f6mmtum og l\u00e1gmarksp\u00f6ntun eru 10 skammtar.  Einn skammtur \u00e1 mann.  Vali\u00f0 er um 3 me\u00f0l\u00e6ti.  H\u00e6gt a\u00f0 velja um samsetningu:   Stroganoff me\u00f0 sveppum \u00ed rj\u00f3mas\u00f3su  \u00cd mildri pipars\u00f3su me\u00f0 sveppum lauk og gr\u00e6nmeti  \u00cd mildri chili s\u00f3su \u201cMole\u201d b\u00e6ttri me\u00f0 kanil, negul og s\u00fakkula\u00f0i \u201cMexik\u00f3\u201d  \u00cd su\u00f0ur amer\u00edskri s\u00f3su me\u00f0 sv\u00f6rtum baunum","og_url":"https:\/\/sohokeflavik.is\/vara\/nauta-pottrettur\/","og_site_name":"Soho.is","article_publisher":"https:\/\/www.facebook.com\/SohoKeflavik","article_modified_time":"2023-11-22T11:37:04+00:00","og_image":[{"width":1000,"height":668,"url":"https:\/\/sohokeflavik.is\/wp-content\/uploads\/2023\/08\/delicious-goulash-ready-dinner-1.jpg","type":"image\/jpeg"}],"twitter_card":"summary_large_image","schema":{"@context":"https:\/\/schema.org","@graph":[{"@type":"WebPage","@id":"https:\/\/sohokeflavik.is\/vara\/nauta-pottrettur\/","url":"https:\/\/sohokeflavik.is\/vara\/nauta-pottrettur\/","name":"Beef stew - Soho.is","isPartOf":{"@id":"https:\/\/www.soho.is\/#website"},"primaryImageOfPage":{"@id":"https:\/\/sohokeflavik.is\/vara\/nauta-pottrettur\/#primaryimage"},"image":{"@id":"https:\/\/sohokeflavik.is\/vara\/nauta-pottrettur\/#primaryimage"},"thumbnailUrl":"https:\/\/www.soho.is\/wp-content\/uploads\/2023\/08\/delicious-goulash-ready-dinner-1.jpg","datePublished":"2023-09-07T12:51:11+00:00","dateModified":"2023-11-22T11:37:04+00:00","breadcrumb":{"@id":"https:\/\/sohokeflavik.is\/vara\/nauta-pottrettur\/#breadcrumb"},"inLanguage":"en-US","potentialAction":[{"@type":"ReadAction","target":["https:\/\/sohokeflavik.is\/vara\/nauta-pottrettur\/"]}]},{"@type":"ImageObject","inLanguage":"en-US","@id":"https:\/\/sohokeflavik.is\/vara\/nauta-pottrettur\/#primaryimage","url":"https:\/\/www.soho.is\/wp-content\/uploads\/2023\/08\/delicious-goulash-ready-dinner-1.jpg","contentUrl":"https:\/\/www.soho.is\/wp-content\/uploads\/2023\/08\/delicious-goulash-ready-dinner-1.jpg","width":1000,"height":668},{"@type":"BreadcrumbList","@id":"https:\/\/sohokeflavik.is\/vara\/nauta-pottrettur\/#breadcrumb","itemListElement":[{"@type":"ListItem","position":1,"name":"Home","item":"https:\/\/www.soho.is\/"},{"@type":"ListItem","position":2,"name":"vef","item":"https:\/\/sohokeflavik.is\/vef\/"},{"@type":"ListItem","position":3,"name":"Nauta pottr\u00e9ttur"}]},{"@type":"WebSite","@id":"https:\/\/www.soho.is\/#website","url":"https:\/\/www.soho.is\/","name":"Soho Keflavik","description":"Soho Catering","publisher":{"@id":"https:\/\/www.soho.is\/#organization"},"alternateName":"Soho - Veislu\u00fej\u00f3nusta","potentialAction":[{"@type":"SearchAction","target":{"@type":"EntryPoint","urlTemplate":"https:\/\/www.soho.is\/?s={search_term_string}"},"query-input":{"@type":"PropertyValueSpecification","valueRequired":true,"valueName":"search_term_string"}}],"inLanguage":"en-US"},{"@type":"Organization","@id":"https:\/\/www.soho.is\/#organization","name":"Soho Catering","alternateName":"Soho Keflav\u00edk","url":"https:\/\/www.soho.is\/","logo":{"@type":"ImageObject","inLanguage":"en-US","@id":"https:\/\/www.soho.is\/#\/schema\/logo\/image\/","url":"https:\/\/www.soho.is\/wp-content\/uploads\/2021\/10\/sohoverslun-logo.png","contentUrl":"https:\/\/www.soho.is\/wp-content\/uploads\/2021\/10\/sohoverslun-logo.png","width":847,"height":300,"caption":"Soho Veislu\u00fej\u00f3nusta"},"image":{"@id":"https:\/\/www.soho.is\/#\/schema\/logo\/image\/"},"sameAs":["https:\/\/www.facebook.com\/SohoKeflavik","https:\/\/www.instagram.com\/sohokeflavik\/"],"description":"Soho Catering - catering services","email":"soho@soho.is","telephone":"+354 4217646","legalName":"Soho ehf.","ownershipFundingInfo":"https:\/\/www.soho.is\/um-okkur\/","correctionsPolicy":"https:\/\/www.soho.is\/skilmalar\/","ethicsPolicy":"https:\/\/www.soho.is\/skilmalar\/"}]}},"_links":{"self":[{"href":"https:\/\/www.soho.is\/en\/wp-json\/wp\/v2\/product\/3615","targetHints":{"allow":["GET"]}}],"collection":[{"href":"https:\/\/www.soho.is\/en\/wp-json\/wp\/v2\/product"}],"about":[{"href":"https:\/\/www.soho.is\/en\/wp-json\/wp\/v2\/types\/product"}],"replies":[{"embeddable":true,"href":"https:\/\/www.soho.is\/en\/wp-json\/wp\/v2\/comments?post=3615"}],"wp:featuredmedia":[{"embeddable":true,"href":"https:\/\/www.soho.is\/en\/wp-json\/wp\/v2\/media\/3598"}],"wp:attachment":[{"href":"https:\/\/www.soho.is\/en\/wp-json\/wp\/v2\/media?parent=3615"}],"wp:term":[{"taxonomy":"product_brand","embeddable":true,"href":"https:\/\/www.soho.is\/en\/wp-json\/wp\/v2\/product_brand?post=3615"},{"taxonomy":"product_cat","embeddable":true,"href":"https:\/\/www.soho.is\/en\/wp-json\/wp\/v2\/product_cat?post=3615"},{"taxonomy":"product_tag","embeddable":true,"href":"https:\/\/www.soho.is\/en\/wp-json\/wp\/v2\/product_tag?post=3615"}],"curies":[{"name":"wp","href":"https:\/\/api.w.org\/{rel}","templated":true}]}}