{"id":3590,"date":"2023-09-07T12:28:00","date_gmt":"2023-09-07T12:28:00","guid":{"rendered":"https:\/\/www.soho.is\/?post_type=product&#038;p=3590"},"modified":"2026-03-16T14:15:58","modified_gmt":"2026-03-16T14:15:58","slug":"kjuklingavaengir-hot-bbq-med-cesar-dressingu","status":"publish","type":"product","link":"https:\/\/www.soho.is\/en\/product\/kjuklingavaengir-hot-bbq-med-cesar-dressingu\/","title":{"rendered":"Hot &amp; BBQ chicken wings with Caesar dressing"},"content":{"rendered":"","protected":false},"excerpt":{"rendered":"<p>Minimum order is 12 servings per type. Each serving contains 2 pcs.<\/p>","protected":false},"featured_media":3576,"comment_status":"open","ping_status":"closed","template":"","meta":{"_acf_changed":false},"product_brand":[],"product_cat":[103,99],"product_tag":[],"class_list":{"0":"post-3590","1":"product","2":"type-product","3":"status-publish","4":"has-post-thumbnail","6":"product_cat-kjotrettir","7":"product_cat-smarettir","9":"first","10":"instock","11":"shipping-taxable","12":"purchasable","13":"product-type-simple"},"acf":[],"yoast_head":"<!-- This site is optimized with the Yoast SEO Premium plugin v27.4 (Yoast SEO v27.4) - https:\/\/yoast.com\/product\/yoast-seo-premium-wordpress\/ -->\n<title>Kj\u00faklingav\u00e6ngir Hot &amp; BBQ me\u00f0 cesar dressingu - Soho.is<\/title>\n<meta name=\"robots\" content=\"index, follow, max-snippet:-1, max-image-preview:large, max-video-preview:-1\" \/>\n<link rel=\"canonical\" href=\"https:\/\/www.soho.is\/en\/product\/kjuklingavaengir-hot-bbq-med-cesar-dressingu\/\" \/>\n<meta property=\"og:locale\" content=\"en_US\" \/>\n<meta property=\"og:type\" content=\"article\" \/>\n<meta property=\"og:title\" content=\"Kj\u00faklingav\u00e6ngir Hot &amp; BBQ me\u00f0 cesar dressingu\" \/>\n<meta property=\"og:description\" content=\"L\u00e1gmarksp\u00f6ntun er 12 skammtar \u00e1 hverja tegund. Hver skammtur inniheldur 2 stk.\" \/>\n<meta property=\"og:url\" content=\"https:\/\/www.soho.is\/en\/product\/kjuklingavaengir-hot-bbq-med-cesar-dressingu\/\" \/>\n<meta property=\"og:site_name\" content=\"Soho.is\" \/>\n<meta property=\"article:publisher\" content=\"https:\/\/www.facebook.com\/SohoKeflavik\" \/>\n<meta property=\"article:modified_time\" content=\"2026-03-16T14:15:58+00:00\" \/>\n<meta property=\"og:image\" content=\"https:\/\/www.soho.is\/wp-content\/uploads\/2023\/09\/grilled-buffalo-chicken-wings-rustic-wood-plate-generated-by-ai.jpg\" \/>\n\t<meta property=\"og:image:width\" content=\"1000\" \/>\n\t<meta property=\"og:image:height\" content=\"571\" \/>\n\t<meta property=\"og:image:type\" content=\"image\/jpeg\" \/>\n<meta name=\"twitter:card\" content=\"summary_large_image\" \/>\n<meta name=\"twitter:label1\" content=\"Est. reading time\" \/>\n\t<meta name=\"twitter:data1\" content=\"1 minute\" \/>\n<script type=\"application\/ld+json\" class=\"yoast-schema-graph\">{\"@context\":\"https:\\\/\\\/schema.org\",\"@graph\":[{\"@type\":\"WebPage\",\"@id\":\"https:\\\/\\\/www.soho.is\\\/vara\\\/kjuklingavaengir-hot-bbq-med-cesar-dressingu\\\/\",\"url\":\"https:\\\/\\\/www.soho.is\\\/vara\\\/kjuklingavaengir-hot-bbq-med-cesar-dressingu\\\/\",\"name\":\"Kj\u00faklingav\u00e6ngir Hot & BBQ me\u00f0 cesar dressingu - Soho.is\",\"isPartOf\":{\"@id\":\"https:\\\/\\\/www.soho.is\\\/#website\"},\"primaryImageOfPage\":{\"@id\":\"https:\\\/\\\/www.soho.is\\\/vara\\\/kjuklingavaengir-hot-bbq-med-cesar-dressingu\\\/#primaryimage\"},\"image\":{\"@id\":\"https:\\\/\\\/www.soho.is\\\/vara\\\/kjuklingavaengir-hot-bbq-med-cesar-dressingu\\\/#primaryimage\"},\"thumbnailUrl\":\"https:\\\/\\\/www.soho.is\\\/wp-content\\\/uploads\\\/2023\\\/09\\\/grilled-buffalo-chicken-wings-rustic-wood-plate-generated-by-ai.jpg\",\"datePublished\":\"2023-09-07T12:28:00+00:00\",\"dateModified\":\"2026-03-16T14:15:58+00:00\",\"breadcrumb\":{\"@id\":\"https:\\\/\\\/www.soho.is\\\/vara\\\/kjuklingavaengir-hot-bbq-med-cesar-dressingu\\\/#breadcrumb\"},\"inLanguage\":\"en-US\",\"potentialAction\":[{\"@type\":\"ReadAction\",\"target\":[\"https:\\\/\\\/www.soho.is\\\/vara\\\/kjuklingavaengir-hot-bbq-med-cesar-dressingu\\\/\"]}]},{\"@type\":\"ImageObject\",\"inLanguage\":\"en-US\",\"@id\":\"https:\\\/\\\/www.soho.is\\\/vara\\\/kjuklingavaengir-hot-bbq-med-cesar-dressingu\\\/#primaryimage\",\"url\":\"https:\\\/\\\/www.soho.is\\\/wp-content\\\/uploads\\\/2023\\\/09\\\/grilled-buffalo-chicken-wings-rustic-wood-plate-generated-by-ai.jpg\",\"contentUrl\":\"https:\\\/\\\/www.soho.is\\\/wp-content\\\/uploads\\\/2023\\\/09\\\/grilled-buffalo-chicken-wings-rustic-wood-plate-generated-by-ai.jpg\",\"width\":1000,\"height\":571},{\"@type\":\"BreadcrumbList\",\"@id\":\"https:\\\/\\\/www.soho.is\\\/vara\\\/kjuklingavaengir-hot-bbq-med-cesar-dressingu\\\/#breadcrumb\",\"itemListElement\":[{\"@type\":\"ListItem\",\"position\":1,\"name\":\"Home\",\"item\":\"https:\\\/\\\/www.soho.is\\\/\"},{\"@type\":\"ListItem\",\"position\":2,\"name\":\"vef\",\"item\":\"https:\\\/\\\/sohokeflavik.is\\\/vef\\\/\"},{\"@type\":\"ListItem\",\"position\":3,\"name\":\"Kj\u00faklingav\u00e6ngir Hot &#038; BBQ me\u00f0 cesar dressingu\"}]},{\"@type\":\"WebSite\",\"@id\":\"https:\\\/\\\/www.soho.is\\\/#website\",\"url\":\"https:\\\/\\\/www.soho.is\\\/\",\"name\":\"Soho Keflav\u00edk\",\"description\":\"Soho Veislu\u00fej\u00f3nusta\",\"publisher\":{\"@id\":\"https:\\\/\\\/www.soho.is\\\/#organization\"},\"alternateName\":\"Soho - Veislu\u00fej\u00f3nusta\",\"potentialAction\":[{\"@type\":\"SearchAction\",\"target\":{\"@type\":\"EntryPoint\",\"urlTemplate\":\"https:\\\/\\\/www.soho.is\\\/?s={search_term_string}\"},\"query-input\":{\"@type\":\"PropertyValueSpecification\",\"valueRequired\":true,\"valueName\":\"search_term_string\"}}],\"inLanguage\":\"en-US\"},{\"@type\":\"Organization\",\"@id\":\"https:\\\/\\\/www.soho.is\\\/#organization\",\"name\":\"Soho Veislu\u00fej\u00f3nusta\",\"alternateName\":\"Soho Keflav\u00edk\",\"url\":\"https:\\\/\\\/www.soho.is\\\/\",\"logo\":{\"@type\":\"ImageObject\",\"inLanguage\":\"en-US\",\"@id\":\"https:\\\/\\\/www.soho.is\\\/#\\\/schema\\\/logo\\\/image\\\/\",\"url\":\"https:\\\/\\\/www.soho.is\\\/wp-content\\\/uploads\\\/2021\\\/10\\\/sohoverslun-logo.png\",\"contentUrl\":\"https:\\\/\\\/www.soho.is\\\/wp-content\\\/uploads\\\/2021\\\/10\\\/sohoverslun-logo.png\",\"width\":847,\"height\":300,\"caption\":\"Soho Veislu\u00fej\u00f3nusta\"},\"image\":{\"@id\":\"https:\\\/\\\/www.soho.is\\\/#\\\/schema\\\/logo\\\/image\\\/\"},\"sameAs\":[\"https:\\\/\\\/www.facebook.com\\\/SohoKeflavik\",\"https:\\\/\\\/www.instagram.com\\\/sohokeflavik\\\/\"],\"description\":\"Soho Catering - veislu\u00fej\u00f3nusta\",\"email\":\"soho@soho.is\",\"telephone\":\"+354 4217646\",\"legalName\":\"Soho ehf.\",\"ownershipFundingInfo\":\"https:\\\/\\\/www.soho.is\\\/um-okkur\\\/\",\"correctionsPolicy\":\"https:\\\/\\\/www.soho.is\\\/skilmalar\\\/\",\"ethicsPolicy\":\"https:\\\/\\\/www.soho.is\\\/skilmalar\\\/\"}]}<\/script>\n<!-- \/ Yoast SEO Premium plugin. -->","yoast_head_json":{"title":"Hot &amp; BBQ Chicken Wings with Caesar Dressing - Soho.is","robots":{"index":"index","follow":"follow","max-snippet":"max-snippet:-1","max-image-preview":"max-image-preview:large","max-video-preview":"max-video-preview:-1"},"canonical":"https:\/\/www.soho.is\/en\/product\/kjuklingavaengir-hot-bbq-med-cesar-dressingu\/","og_locale":"en_US","og_type":"article","og_title":"Kj\u00faklingav\u00e6ngir Hot & BBQ me\u00f0 cesar dressingu","og_description":"L\u00e1gmarksp\u00f6ntun er 12 skammtar \u00e1 hverja tegund. Hver skammtur inniheldur 2 stk.","og_url":"https:\/\/www.soho.is\/en\/product\/kjuklingavaengir-hot-bbq-med-cesar-dressingu\/","og_site_name":"Soho.is","article_publisher":"https:\/\/www.facebook.com\/SohoKeflavik","article_modified_time":"2026-03-16T14:15:58+00:00","og_image":[{"width":1000,"height":571,"url":"https:\/\/www.soho.is\/wp-content\/uploads\/2023\/09\/grilled-buffalo-chicken-wings-rustic-wood-plate-generated-by-ai.jpg","type":"image\/jpeg"}],"twitter_card":"summary_large_image","twitter_misc":{"Est. reading time":"1 minute"},"schema":{"@context":"https:\/\/schema.org","@graph":[{"@type":"WebPage","@id":"https:\/\/www.soho.is\/vara\/kjuklingavaengir-hot-bbq-med-cesar-dressingu\/","url":"https:\/\/www.soho.is\/vara\/kjuklingavaengir-hot-bbq-med-cesar-dressingu\/","name":"Hot &amp; BBQ Chicken Wings with Caesar Dressing - Soho.is","isPartOf":{"@id":"https:\/\/www.soho.is\/#website"},"primaryImageOfPage":{"@id":"https:\/\/www.soho.is\/vara\/kjuklingavaengir-hot-bbq-med-cesar-dressingu\/#primaryimage"},"image":{"@id":"https:\/\/www.soho.is\/vara\/kjuklingavaengir-hot-bbq-med-cesar-dressingu\/#primaryimage"},"thumbnailUrl":"https:\/\/www.soho.is\/wp-content\/uploads\/2023\/09\/grilled-buffalo-chicken-wings-rustic-wood-plate-generated-by-ai.jpg","datePublished":"2023-09-07T12:28:00+00:00","dateModified":"2026-03-16T14:15:58+00:00","breadcrumb":{"@id":"https:\/\/www.soho.is\/vara\/kjuklingavaengir-hot-bbq-med-cesar-dressingu\/#breadcrumb"},"inLanguage":"en-US","potentialAction":[{"@type":"ReadAction","target":["https:\/\/www.soho.is\/vara\/kjuklingavaengir-hot-bbq-med-cesar-dressingu\/"]}]},{"@type":"ImageObject","inLanguage":"en-US","@id":"https:\/\/www.soho.is\/vara\/kjuklingavaengir-hot-bbq-med-cesar-dressingu\/#primaryimage","url":"https:\/\/www.soho.is\/wp-content\/uploads\/2023\/09\/grilled-buffalo-chicken-wings-rustic-wood-plate-generated-by-ai.jpg","contentUrl":"https:\/\/www.soho.is\/wp-content\/uploads\/2023\/09\/grilled-buffalo-chicken-wings-rustic-wood-plate-generated-by-ai.jpg","width":1000,"height":571},{"@type":"BreadcrumbList","@id":"https:\/\/www.soho.is\/vara\/kjuklingavaengir-hot-bbq-med-cesar-dressingu\/#breadcrumb","itemListElement":[{"@type":"ListItem","position":1,"name":"Home","item":"https:\/\/www.soho.is\/"},{"@type":"ListItem","position":2,"name":"vef","item":"https:\/\/sohokeflavik.is\/vef\/"},{"@type":"ListItem","position":3,"name":"Kj\u00faklingav\u00e6ngir Hot &#038; BBQ me\u00f0 cesar dressingu"}]},{"@type":"WebSite","@id":"https:\/\/www.soho.is\/#website","url":"https:\/\/www.soho.is\/","name":"Soho Keflavik","description":"Soho Catering","publisher":{"@id":"https:\/\/www.soho.is\/#organization"},"alternateName":"Soho - Veislu\u00fej\u00f3nusta","potentialAction":[{"@type":"SearchAction","target":{"@type":"EntryPoint","urlTemplate":"https:\/\/www.soho.is\/?s={search_term_string}"},"query-input":{"@type":"PropertyValueSpecification","valueRequired":true,"valueName":"search_term_string"}}],"inLanguage":"en-US"},{"@type":"Organization","@id":"https:\/\/www.soho.is\/#organization","name":"Soho Catering","alternateName":"Soho Keflav\u00edk","url":"https:\/\/www.soho.is\/","logo":{"@type":"ImageObject","inLanguage":"en-US","@id":"https:\/\/www.soho.is\/#\/schema\/logo\/image\/","url":"https:\/\/www.soho.is\/wp-content\/uploads\/2021\/10\/sohoverslun-logo.png","contentUrl":"https:\/\/www.soho.is\/wp-content\/uploads\/2021\/10\/sohoverslun-logo.png","width":847,"height":300,"caption":"Soho Veislu\u00fej\u00f3nusta"},"image":{"@id":"https:\/\/www.soho.is\/#\/schema\/logo\/image\/"},"sameAs":["https:\/\/www.facebook.com\/SohoKeflavik","https:\/\/www.instagram.com\/sohokeflavik\/"],"description":"Soho Catering - catering services","email":"soho@soho.is","telephone":"+354 4217646","legalName":"Soho ehf.","ownershipFundingInfo":"https:\/\/www.soho.is\/um-okkur\/","correctionsPolicy":"https:\/\/www.soho.is\/skilmalar\/","ethicsPolicy":"https:\/\/www.soho.is\/skilmalar\/"}]}},"_links":{"self":[{"href":"https:\/\/www.soho.is\/en\/wp-json\/wp\/v2\/product\/3590","targetHints":{"allow":["GET"]}}],"collection":[{"href":"https:\/\/www.soho.is\/en\/wp-json\/wp\/v2\/product"}],"about":[{"href":"https:\/\/www.soho.is\/en\/wp-json\/wp\/v2\/types\/product"}],"replies":[{"embeddable":true,"href":"https:\/\/www.soho.is\/en\/wp-json\/wp\/v2\/comments?post=3590"}],"wp:featuredmedia":[{"embeddable":true,"href":"https:\/\/www.soho.is\/en\/wp-json\/wp\/v2\/media\/3576"}],"wp:attachment":[{"href":"https:\/\/www.soho.is\/en\/wp-json\/wp\/v2\/media?parent=3590"}],"wp:term":[{"taxonomy":"product_brand","embeddable":true,"href":"https:\/\/www.soho.is\/en\/wp-json\/wp\/v2\/product_brand?post=3590"},{"taxonomy":"product_cat","embeddable":true,"href":"https:\/\/www.soho.is\/en\/wp-json\/wp\/v2\/product_cat?post=3590"},{"taxonomy":"product_tag","embeddable":true,"href":"https:\/\/www.soho.is\/en\/wp-json\/wp\/v2\/product_tag?post=3590"}],"curies":[{"name":"wp","href":"https:\/\/api.w.org\/{rel}","templated":true}]}}