{"id":3536,"date":"2023-09-07T11:54:53","date_gmt":"2023-09-07T11:54:53","guid":{"rendered":"https:\/\/www.soho.is\/?post_type=product&#038;p=3536"},"modified":"2024-02-06T13:14:34","modified_gmt":"2024-02-06T13:14:34","slug":"djupsteiktur-humar-i-raspi-med-teriyaki-og-chili-mayo","status":"publish","type":"product","link":"https:\/\/www.soho.is\/en\/product\/djupsteiktur-humar-i-raspi-med-teriyaki-og-chili-mayo\/","title":{"rendered":"Deep-fried lobster in rasp with teriyaki and chili mayo"},"content":{"rendered":"","protected":false},"excerpt":{"rendered":"<p>You must order at least 12 units per type.<\/p>","protected":false},"featured_media":3526,"comment_status":"open","ping_status":"closed","template":"","meta":{"_acf_changed":false},"product_brand":[],"product_cat":[46],"product_tag":[],"class_list":{"0":"post-3536","1":"product","2":"type-product","3":"status-publish","4":"has-post-thumbnail","6":"product_cat-tapas","8":"first","9":"instock","10":"shipping-taxable","11":"purchasable","12":"product-type-simple"},"acf":[],"yoast_head":"<!-- This site is optimized with the Yoast SEO Premium plugin v27.4 (Yoast SEO v27.4) - https:\/\/yoast.com\/product\/yoast-seo-premium-wordpress\/ -->\n<title>Dj\u00fapsteiktur humar \u00ed raspi me\u00f0 teriyaki og chili mayo - Soho.is<\/title>\n<meta name=\"robots\" content=\"index, follow, max-snippet:-1, max-image-preview:large, max-video-preview:-1\" \/>\n<link rel=\"canonical\" href=\"https:\/\/www.soho.is\/en\/product\/djupsteiktur-humar-i-raspi-med-teriyaki-og-chili-mayo\/\" \/>\n<meta property=\"og:locale\" content=\"en_US\" \/>\n<meta property=\"og:type\" content=\"article\" \/>\n<meta property=\"og:title\" content=\"Dj\u00fapsteiktur humar \u00ed raspi me\u00f0 teriyaki og chili mayo\" \/>\n<meta property=\"og:description\" content=\"Panta \u00fearf amk. 12 einingar pr. tegund.\" \/>\n<meta property=\"og:url\" content=\"https:\/\/www.soho.is\/en\/product\/djupsteiktur-humar-i-raspi-med-teriyaki-og-chili-mayo\/\" \/>\n<meta property=\"og:site_name\" content=\"Soho.is\" \/>\n<meta property=\"article:publisher\" content=\"https:\/\/www.facebook.com\/SohoKeflavik\" \/>\n<meta property=\"article:modified_time\" content=\"2024-02-06T13:14:34+00:00\" \/>\n<meta property=\"og:image\" content=\"https:\/\/www.soho.is\/wp-content\/uploads\/2023\/09\/gourmet-seafood-plate-with-healthy-fried-vegetables-generated-by-ai-1.jpg\" \/>\n\t<meta property=\"og:image:width\" content=\"1000\" \/>\n\t<meta property=\"og:image:height\" content=\"571\" \/>\n\t<meta property=\"og:image:type\" content=\"image\/jpeg\" \/>\n<meta name=\"twitter:card\" content=\"summary_large_image\" \/>\n<meta name=\"twitter:label1\" content=\"Est. reading time\" \/>\n\t<meta name=\"twitter:data1\" content=\"1 minute\" \/>\n<script type=\"application\/ld+json\" class=\"yoast-schema-graph\">{\"@context\":\"https:\\\/\\\/schema.org\",\"@graph\":[{\"@type\":\"WebPage\",\"@id\":\"https:\\\/\\\/www.soho.is\\\/vara\\\/djupsteiktur-humar-i-raspi-med-teriyaki-og-chili-mayo\\\/\",\"url\":\"https:\\\/\\\/www.soho.is\\\/vara\\\/djupsteiktur-humar-i-raspi-med-teriyaki-og-chili-mayo\\\/\",\"name\":\"Dj\u00fapsteiktur humar \u00ed raspi me\u00f0 teriyaki og chili mayo - Soho.is\",\"isPartOf\":{\"@id\":\"https:\\\/\\\/www.soho.is\\\/#website\"},\"primaryImageOfPage\":{\"@id\":\"https:\\\/\\\/www.soho.is\\\/vara\\\/djupsteiktur-humar-i-raspi-med-teriyaki-og-chili-mayo\\\/#primaryimage\"},\"image\":{\"@id\":\"https:\\\/\\\/www.soho.is\\\/vara\\\/djupsteiktur-humar-i-raspi-med-teriyaki-og-chili-mayo\\\/#primaryimage\"},\"thumbnailUrl\":\"https:\\\/\\\/www.soho.is\\\/wp-content\\\/uploads\\\/2023\\\/09\\\/gourmet-seafood-plate-with-healthy-fried-vegetables-generated-by-ai-1.jpg\",\"datePublished\":\"2023-09-07T11:54:53+00:00\",\"dateModified\":\"2024-02-06T13:14:34+00:00\",\"breadcrumb\":{\"@id\":\"https:\\\/\\\/www.soho.is\\\/vara\\\/djupsteiktur-humar-i-raspi-med-teriyaki-og-chili-mayo\\\/#breadcrumb\"},\"inLanguage\":\"en-US\",\"potentialAction\":[{\"@type\":\"ReadAction\",\"target\":[\"https:\\\/\\\/www.soho.is\\\/vara\\\/djupsteiktur-humar-i-raspi-med-teriyaki-og-chili-mayo\\\/\"]}]},{\"@type\":\"ImageObject\",\"inLanguage\":\"en-US\",\"@id\":\"https:\\\/\\\/www.soho.is\\\/vara\\\/djupsteiktur-humar-i-raspi-med-teriyaki-og-chili-mayo\\\/#primaryimage\",\"url\":\"https:\\\/\\\/www.soho.is\\\/wp-content\\\/uploads\\\/2023\\\/09\\\/gourmet-seafood-plate-with-healthy-fried-vegetables-generated-by-ai-1.jpg\",\"contentUrl\":\"https:\\\/\\\/www.soho.is\\\/wp-content\\\/uploads\\\/2023\\\/09\\\/gourmet-seafood-plate-with-healthy-fried-vegetables-generated-by-ai-1.jpg\",\"width\":1000,\"height\":571},{\"@type\":\"BreadcrumbList\",\"@id\":\"https:\\\/\\\/www.soho.is\\\/vara\\\/djupsteiktur-humar-i-raspi-med-teriyaki-og-chili-mayo\\\/#breadcrumb\",\"itemListElement\":[{\"@type\":\"ListItem\",\"position\":1,\"name\":\"Home\",\"item\":\"https:\\\/\\\/www.soho.is\\\/\"},{\"@type\":\"ListItem\",\"position\":2,\"name\":\"vef\",\"item\":\"https:\\\/\\\/sohokeflavik.is\\\/vef\\\/\"},{\"@type\":\"ListItem\",\"position\":3,\"name\":\"Dj\u00fapsteiktur humar \u00ed raspi me\u00f0 teriyaki og chili mayo\"}]},{\"@type\":\"WebSite\",\"@id\":\"https:\\\/\\\/www.soho.is\\\/#website\",\"url\":\"https:\\\/\\\/www.soho.is\\\/\",\"name\":\"Soho Keflav\u00edk\",\"description\":\"Soho Veislu\u00fej\u00f3nusta\",\"publisher\":{\"@id\":\"https:\\\/\\\/www.soho.is\\\/#organization\"},\"alternateName\":\"Soho - Veislu\u00fej\u00f3nusta\",\"potentialAction\":[{\"@type\":\"SearchAction\",\"target\":{\"@type\":\"EntryPoint\",\"urlTemplate\":\"https:\\\/\\\/www.soho.is\\\/?s={search_term_string}\"},\"query-input\":{\"@type\":\"PropertyValueSpecification\",\"valueRequired\":true,\"valueName\":\"search_term_string\"}}],\"inLanguage\":\"en-US\"},{\"@type\":\"Organization\",\"@id\":\"https:\\\/\\\/www.soho.is\\\/#organization\",\"name\":\"Soho Veislu\u00fej\u00f3nusta\",\"alternateName\":\"Soho Keflav\u00edk\",\"url\":\"https:\\\/\\\/www.soho.is\\\/\",\"logo\":{\"@type\":\"ImageObject\",\"inLanguage\":\"en-US\",\"@id\":\"https:\\\/\\\/www.soho.is\\\/#\\\/schema\\\/logo\\\/image\\\/\",\"url\":\"https:\\\/\\\/www.soho.is\\\/wp-content\\\/uploads\\\/2021\\\/10\\\/sohoverslun-logo.png\",\"contentUrl\":\"https:\\\/\\\/www.soho.is\\\/wp-content\\\/uploads\\\/2021\\\/10\\\/sohoverslun-logo.png\",\"width\":847,\"height\":300,\"caption\":\"Soho Veislu\u00fej\u00f3nusta\"},\"image\":{\"@id\":\"https:\\\/\\\/www.soho.is\\\/#\\\/schema\\\/logo\\\/image\\\/\"},\"sameAs\":[\"https:\\\/\\\/www.facebook.com\\\/SohoKeflavik\",\"https:\\\/\\\/www.instagram.com\\\/sohokeflavik\\\/\"],\"description\":\"Soho Catering - veislu\u00fej\u00f3nusta\",\"email\":\"soho@soho.is\",\"telephone\":\"+354 4217646\",\"legalName\":\"Soho ehf.\",\"ownershipFundingInfo\":\"https:\\\/\\\/www.soho.is\\\/um-okkur\\\/\",\"correctionsPolicy\":\"https:\\\/\\\/www.soho.is\\\/skilmalar\\\/\",\"ethicsPolicy\":\"https:\\\/\\\/www.soho.is\\\/skilmalar\\\/\"}]}<\/script>\n<!-- \/ Yoast SEO Premium plugin. -->","yoast_head_json":{"title":"Deep-fried lobster in breadcrumbs with teriyaki and chili mayo - Soho.is","robots":{"index":"index","follow":"follow","max-snippet":"max-snippet:-1","max-image-preview":"max-image-preview:large","max-video-preview":"max-video-preview:-1"},"canonical":"https:\/\/www.soho.is\/en\/product\/djupsteiktur-humar-i-raspi-med-teriyaki-og-chili-mayo\/","og_locale":"en_US","og_type":"article","og_title":"Dj\u00fapsteiktur humar \u00ed raspi me\u00f0 teriyaki og chili mayo","og_description":"Panta \u00fearf amk. 12 einingar pr. tegund.","og_url":"https:\/\/www.soho.is\/en\/product\/djupsteiktur-humar-i-raspi-med-teriyaki-og-chili-mayo\/","og_site_name":"Soho.is","article_publisher":"https:\/\/www.facebook.com\/SohoKeflavik","article_modified_time":"2024-02-06T13:14:34+00:00","og_image":[{"width":1000,"height":571,"url":"https:\/\/www.soho.is\/wp-content\/uploads\/2023\/09\/gourmet-seafood-plate-with-healthy-fried-vegetables-generated-by-ai-1.jpg","type":"image\/jpeg"}],"twitter_card":"summary_large_image","twitter_misc":{"Est. reading time":"1 minute"},"schema":{"@context":"https:\/\/schema.org","@graph":[{"@type":"WebPage","@id":"https:\/\/www.soho.is\/vara\/djupsteiktur-humar-i-raspi-med-teriyaki-og-chili-mayo\/","url":"https:\/\/www.soho.is\/vara\/djupsteiktur-humar-i-raspi-med-teriyaki-og-chili-mayo\/","name":"Deep-fried lobster in breadcrumbs with teriyaki and chili mayo - Soho.is","isPartOf":{"@id":"https:\/\/www.soho.is\/#website"},"primaryImageOfPage":{"@id":"https:\/\/www.soho.is\/vara\/djupsteiktur-humar-i-raspi-med-teriyaki-og-chili-mayo\/#primaryimage"},"image":{"@id":"https:\/\/www.soho.is\/vara\/djupsteiktur-humar-i-raspi-med-teriyaki-og-chili-mayo\/#primaryimage"},"thumbnailUrl":"https:\/\/www.soho.is\/wp-content\/uploads\/2023\/09\/gourmet-seafood-plate-with-healthy-fried-vegetables-generated-by-ai-1.jpg","datePublished":"2023-09-07T11:54:53+00:00","dateModified":"2024-02-06T13:14:34+00:00","breadcrumb":{"@id":"https:\/\/www.soho.is\/vara\/djupsteiktur-humar-i-raspi-med-teriyaki-og-chili-mayo\/#breadcrumb"},"inLanguage":"en-US","potentialAction":[{"@type":"ReadAction","target":["https:\/\/www.soho.is\/vara\/djupsteiktur-humar-i-raspi-med-teriyaki-og-chili-mayo\/"]}]},{"@type":"ImageObject","inLanguage":"en-US","@id":"https:\/\/www.soho.is\/vara\/djupsteiktur-humar-i-raspi-med-teriyaki-og-chili-mayo\/#primaryimage","url":"https:\/\/www.soho.is\/wp-content\/uploads\/2023\/09\/gourmet-seafood-plate-with-healthy-fried-vegetables-generated-by-ai-1.jpg","contentUrl":"https:\/\/www.soho.is\/wp-content\/uploads\/2023\/09\/gourmet-seafood-plate-with-healthy-fried-vegetables-generated-by-ai-1.jpg","width":1000,"height":571},{"@type":"BreadcrumbList","@id":"https:\/\/www.soho.is\/vara\/djupsteiktur-humar-i-raspi-med-teriyaki-og-chili-mayo\/#breadcrumb","itemListElement":[{"@type":"ListItem","position":1,"name":"Home","item":"https:\/\/www.soho.is\/"},{"@type":"ListItem","position":2,"name":"vef","item":"https:\/\/sohokeflavik.is\/vef\/"},{"@type":"ListItem","position":3,"name":"Dj\u00fapsteiktur humar \u00ed raspi me\u00f0 teriyaki og chili mayo"}]},{"@type":"WebSite","@id":"https:\/\/www.soho.is\/#website","url":"https:\/\/www.soho.is\/","name":"Soho Keflavik","description":"Soho Catering","publisher":{"@id":"https:\/\/www.soho.is\/#organization"},"alternateName":"Soho - Veislu\u00fej\u00f3nusta","potentialAction":[{"@type":"SearchAction","target":{"@type":"EntryPoint","urlTemplate":"https:\/\/www.soho.is\/?s={search_term_string}"},"query-input":{"@type":"PropertyValueSpecification","valueRequired":true,"valueName":"search_term_string"}}],"inLanguage":"en-US"},{"@type":"Organization","@id":"https:\/\/www.soho.is\/#organization","name":"Soho Catering","alternateName":"Soho Keflav\u00edk","url":"https:\/\/www.soho.is\/","logo":{"@type":"ImageObject","inLanguage":"en-US","@id":"https:\/\/www.soho.is\/#\/schema\/logo\/image\/","url":"https:\/\/www.soho.is\/wp-content\/uploads\/2021\/10\/sohoverslun-logo.png","contentUrl":"https:\/\/www.soho.is\/wp-content\/uploads\/2021\/10\/sohoverslun-logo.png","width":847,"height":300,"caption":"Soho Veislu\u00fej\u00f3nusta"},"image":{"@id":"https:\/\/www.soho.is\/#\/schema\/logo\/image\/"},"sameAs":["https:\/\/www.facebook.com\/SohoKeflavik","https:\/\/www.instagram.com\/sohokeflavik\/"],"description":"Soho Catering - catering services","email":"soho@soho.is","telephone":"+354 4217646","legalName":"Soho ehf.","ownershipFundingInfo":"https:\/\/www.soho.is\/um-okkur\/","correctionsPolicy":"https:\/\/www.soho.is\/skilmalar\/","ethicsPolicy":"https:\/\/www.soho.is\/skilmalar\/"}]}},"_links":{"self":[{"href":"https:\/\/www.soho.is\/en\/wp-json\/wp\/v2\/product\/3536","targetHints":{"allow":["GET"]}}],"collection":[{"href":"https:\/\/www.soho.is\/en\/wp-json\/wp\/v2\/product"}],"about":[{"href":"https:\/\/www.soho.is\/en\/wp-json\/wp\/v2\/types\/product"}],"replies":[{"embeddable":true,"href":"https:\/\/www.soho.is\/en\/wp-json\/wp\/v2\/comments?post=3536"}],"wp:featuredmedia":[{"embeddable":true,"href":"https:\/\/www.soho.is\/en\/wp-json\/wp\/v2\/media\/3526"}],"wp:attachment":[{"href":"https:\/\/www.soho.is\/en\/wp-json\/wp\/v2\/media?parent=3536"}],"wp:term":[{"taxonomy":"product_brand","embeddable":true,"href":"https:\/\/www.soho.is\/en\/wp-json\/wp\/v2\/product_brand?post=3536"},{"taxonomy":"product_cat","embeddable":true,"href":"https:\/\/www.soho.is\/en\/wp-json\/wp\/v2\/product_cat?post=3536"},{"taxonomy":"product_tag","embeddable":true,"href":"https:\/\/www.soho.is\/en\/wp-json\/wp\/v2\/product_tag?post=3536"}],"curies":[{"name":"wp","href":"https:\/\/api.w.org\/{rel}","templated":true}]}}