{"id":2938,"date":"2023-08-21T13:18:43","date_gmt":"2023-08-21T13:18:43","guid":{"rendered":"https:\/\/www.soho.is\/?post_type=product&#038;p=2938"},"modified":"2023-09-06T15:59:56","modified_gmt":"2023-09-06T15:59:56","slug":"mexikosk-kjuklingasupa","status":"publish","type":"product","link":"https:\/\/www.soho.is\/en\/product\/mexikosk-kjuklingasupa\/","title":{"rendered":"Mexican Chicken Soup"},"content":{"rendered":"","protected":false},"excerpt":{"rendered":"<p>Mexican chicken soup with vegetables, chips, sour and grated cheese.<\/p>\n<p>Soups are sold in liters and the smallest quantity that can be ordered is 10 liters.<\/p>\n<p>Which <strong>main course<\/strong> one liter is enough for 2.<\/p>\n<p>Which <strong>side dish<\/strong> one liter is enough for 3 \u2013 4.<\/p>\n<p>Bread and pesto accompany all soups.<\/p>","protected":false},"featured_media":3067,"comment_status":"open","ping_status":"closed","template":"","meta":{"_acf_changed":false},"product_brand":[],"product_cat":[48],"product_tag":[],"class_list":{"0":"post-2938","1":"product","2":"type-product","3":"status-publish","4":"has-post-thumbnail","6":"product_cat-supur","8":"first","9":"instock","10":"shipping-taxable","11":"purchasable","12":"product-type-simple"},"acf":[],"yoast_head":"<!-- This site is optimized with the Yoast SEO Premium plugin v27.4 (Yoast SEO v27.4) - https:\/\/yoast.com\/product\/yoast-seo-premium-wordpress\/ -->\n<title>Mexik\u00f3sk kj\u00faklingas\u00fapa - Soho.is<\/title>\n<meta name=\"robots\" content=\"index, follow, max-snippet:-1, max-image-preview:large, max-video-preview:-1\" \/>\n<link rel=\"canonical\" href=\"https:\/\/sohokeflavik.is\/vara\/mexikosk-kjuklingasupa\/\" \/>\n<meta property=\"og:locale\" content=\"en_US\" \/>\n<meta property=\"og:type\" content=\"article\" \/>\n<meta property=\"og:title\" content=\"Mexik\u00f3sk kj\u00faklingas\u00fapa\" \/>\n<meta property=\"og:description\" content=\"Mexik\u00f3sk kj\u00faklingas\u00fapa me\u00f0 gr\u00e6nmeti, chips, s\u00fdr\u00f0um og rifnum osti.  S\u00fapur eru seldar \u00ed l\u00edtrum og minnsta magn sem h\u00e6gt er a\u00f0 panta eru 10 l\u00edtrar.  Sem a\u00f0alr\u00e9ttur dugar einn l\u00edter fyrir 2.  Sem me\u00f0l\u00e6ti dugar einn l\u00edter fyrir 3 - 4.  Brau\u00f0 og pest\u00f3 fylgir \u00f6llum s\u00fapum.\" \/>\n<meta property=\"og:url\" content=\"https:\/\/sohokeflavik.is\/vara\/mexikosk-kjuklingasupa\/\" \/>\n<meta property=\"og:site_name\" content=\"Soho.is\" \/>\n<meta property=\"article:publisher\" content=\"https:\/\/www.facebook.com\/SohoKeflavik\" \/>\n<meta property=\"article:modified_time\" content=\"2023-09-06T15:59:56+00:00\" \/>\n<meta property=\"og:image\" content=\"https:\/\/sohokeflavik.is\/wp-content\/uploads\/2023\/08\/traditional-bowl-moroccan-harira-close-up-1.jpg\" \/>\n\t<meta property=\"og:image:width\" content=\"1500\" \/>\n\t<meta property=\"og:image:height\" content=\"1000\" \/>\n\t<meta property=\"og:image:type\" content=\"image\/jpeg\" \/>\n<meta name=\"twitter:card\" content=\"summary_large_image\" \/>\n<script type=\"application\/ld+json\" class=\"yoast-schema-graph\">{\"@context\":\"https:\\\/\\\/schema.org\",\"@graph\":[{\"@type\":\"WebPage\",\"@id\":\"https:\\\/\\\/sohokeflavik.is\\\/vara\\\/mexikosk-kjuklingasupa\\\/\",\"url\":\"https:\\\/\\\/sohokeflavik.is\\\/vara\\\/mexikosk-kjuklingasupa\\\/\",\"name\":\"Mexik\u00f3sk kj\u00faklingas\u00fapa - Soho.is\",\"isPartOf\":{\"@id\":\"https:\\\/\\\/www.soho.is\\\/#website\"},\"primaryImageOfPage\":{\"@id\":\"https:\\\/\\\/sohokeflavik.is\\\/vara\\\/mexikosk-kjuklingasupa\\\/#primaryimage\"},\"image\":{\"@id\":\"https:\\\/\\\/sohokeflavik.is\\\/vara\\\/mexikosk-kjuklingasupa\\\/#primaryimage\"},\"thumbnailUrl\":\"https:\\\/\\\/www.soho.is\\\/wp-content\\\/uploads\\\/2023\\\/08\\\/traditional-bowl-moroccan-harira-close-up-1.jpg\",\"datePublished\":\"2023-08-21T13:18:43+00:00\",\"dateModified\":\"2023-09-06T15:59:56+00:00\",\"breadcrumb\":{\"@id\":\"https:\\\/\\\/sohokeflavik.is\\\/vara\\\/mexikosk-kjuklingasupa\\\/#breadcrumb\"},\"inLanguage\":\"en-US\",\"potentialAction\":[{\"@type\":\"ReadAction\",\"target\":[\"https:\\\/\\\/sohokeflavik.is\\\/vara\\\/mexikosk-kjuklingasupa\\\/\"]}]},{\"@type\":\"ImageObject\",\"inLanguage\":\"en-US\",\"@id\":\"https:\\\/\\\/sohokeflavik.is\\\/vara\\\/mexikosk-kjuklingasupa\\\/#primaryimage\",\"url\":\"https:\\\/\\\/www.soho.is\\\/wp-content\\\/uploads\\\/2023\\\/08\\\/traditional-bowl-moroccan-harira-close-up-1.jpg\",\"contentUrl\":\"https:\\\/\\\/www.soho.is\\\/wp-content\\\/uploads\\\/2023\\\/08\\\/traditional-bowl-moroccan-harira-close-up-1.jpg\",\"width\":1500,\"height\":1000},{\"@type\":\"BreadcrumbList\",\"@id\":\"https:\\\/\\\/sohokeflavik.is\\\/vara\\\/mexikosk-kjuklingasupa\\\/#breadcrumb\",\"itemListElement\":[{\"@type\":\"ListItem\",\"position\":1,\"name\":\"Home\",\"item\":\"https:\\\/\\\/www.soho.is\\\/\"},{\"@type\":\"ListItem\",\"position\":2,\"name\":\"vef\",\"item\":\"https:\\\/\\\/sohokeflavik.is\\\/vef\\\/\"},{\"@type\":\"ListItem\",\"position\":3,\"name\":\"Mexik\u00f3sk kj\u00faklingas\u00fapa\"}]},{\"@type\":\"WebSite\",\"@id\":\"https:\\\/\\\/www.soho.is\\\/#website\",\"url\":\"https:\\\/\\\/www.soho.is\\\/\",\"name\":\"Soho Keflav\u00edk\",\"description\":\"Soho Veislu\u00fej\u00f3nusta\",\"publisher\":{\"@id\":\"https:\\\/\\\/www.soho.is\\\/#organization\"},\"alternateName\":\"Soho - Veislu\u00fej\u00f3nusta\",\"potentialAction\":[{\"@type\":\"SearchAction\",\"target\":{\"@type\":\"EntryPoint\",\"urlTemplate\":\"https:\\\/\\\/www.soho.is\\\/?s={search_term_string}\"},\"query-input\":{\"@type\":\"PropertyValueSpecification\",\"valueRequired\":true,\"valueName\":\"search_term_string\"}}],\"inLanguage\":\"en-US\"},{\"@type\":\"Organization\",\"@id\":\"https:\\\/\\\/www.soho.is\\\/#organization\",\"name\":\"Soho Veislu\u00fej\u00f3nusta\",\"alternateName\":\"Soho Keflav\u00edk\",\"url\":\"https:\\\/\\\/www.soho.is\\\/\",\"logo\":{\"@type\":\"ImageObject\",\"inLanguage\":\"en-US\",\"@id\":\"https:\\\/\\\/www.soho.is\\\/#\\\/schema\\\/logo\\\/image\\\/\",\"url\":\"https:\\\/\\\/www.soho.is\\\/wp-content\\\/uploads\\\/2021\\\/10\\\/sohoverslun-logo.png\",\"contentUrl\":\"https:\\\/\\\/www.soho.is\\\/wp-content\\\/uploads\\\/2021\\\/10\\\/sohoverslun-logo.png\",\"width\":847,\"height\":300,\"caption\":\"Soho Veislu\u00fej\u00f3nusta\"},\"image\":{\"@id\":\"https:\\\/\\\/www.soho.is\\\/#\\\/schema\\\/logo\\\/image\\\/\"},\"sameAs\":[\"https:\\\/\\\/www.facebook.com\\\/SohoKeflavik\",\"https:\\\/\\\/www.instagram.com\\\/sohokeflavik\\\/\"],\"description\":\"Soho Catering - veislu\u00fej\u00f3nusta\",\"email\":\"soho@soho.is\",\"telephone\":\"+354 4217646\",\"legalName\":\"Soho ehf.\",\"ownershipFundingInfo\":\"https:\\\/\\\/www.soho.is\\\/um-okkur\\\/\",\"correctionsPolicy\":\"https:\\\/\\\/www.soho.is\\\/skilmalar\\\/\",\"ethicsPolicy\":\"https:\\\/\\\/www.soho.is\\\/skilmalar\\\/\"}]}<\/script>\n<!-- \/ Yoast SEO Premium plugin. -->","yoast_head_json":{"title":"Mexican chicken soup - Soho.is","robots":{"index":"index","follow":"follow","max-snippet":"max-snippet:-1","max-image-preview":"max-image-preview:large","max-video-preview":"max-video-preview:-1"},"canonical":"https:\/\/sohokeflavik.is\/vara\/mexikosk-kjuklingasupa\/","og_locale":"en_US","og_type":"article","og_title":"Mexik\u00f3sk kj\u00faklingas\u00fapa","og_description":"Mexik\u00f3sk kj\u00faklingas\u00fapa me\u00f0 gr\u00e6nmeti, chips, s\u00fdr\u00f0um og rifnum osti.  S\u00fapur eru seldar \u00ed l\u00edtrum og minnsta magn sem h\u00e6gt er a\u00f0 panta eru 10 l\u00edtrar.  Sem a\u00f0alr\u00e9ttur dugar einn l\u00edter fyrir 2.  Sem me\u00f0l\u00e6ti dugar einn l\u00edter fyrir 3 - 4.  Brau\u00f0 og pest\u00f3 fylgir \u00f6llum s\u00fapum.","og_url":"https:\/\/sohokeflavik.is\/vara\/mexikosk-kjuklingasupa\/","og_site_name":"Soho.is","article_publisher":"https:\/\/www.facebook.com\/SohoKeflavik","article_modified_time":"2023-09-06T15:59:56+00:00","og_image":[{"width":1500,"height":1000,"url":"https:\/\/sohokeflavik.is\/wp-content\/uploads\/2023\/08\/traditional-bowl-moroccan-harira-close-up-1.jpg","type":"image\/jpeg"}],"twitter_card":"summary_large_image","schema":{"@context":"https:\/\/schema.org","@graph":[{"@type":"WebPage","@id":"https:\/\/sohokeflavik.is\/vara\/mexikosk-kjuklingasupa\/","url":"https:\/\/sohokeflavik.is\/vara\/mexikosk-kjuklingasupa\/","name":"Mexican chicken soup - Soho.is","isPartOf":{"@id":"https:\/\/www.soho.is\/#website"},"primaryImageOfPage":{"@id":"https:\/\/sohokeflavik.is\/vara\/mexikosk-kjuklingasupa\/#primaryimage"},"image":{"@id":"https:\/\/sohokeflavik.is\/vara\/mexikosk-kjuklingasupa\/#primaryimage"},"thumbnailUrl":"https:\/\/www.soho.is\/wp-content\/uploads\/2023\/08\/traditional-bowl-moroccan-harira-close-up-1.jpg","datePublished":"2023-08-21T13:18:43+00:00","dateModified":"2023-09-06T15:59:56+00:00","breadcrumb":{"@id":"https:\/\/sohokeflavik.is\/vara\/mexikosk-kjuklingasupa\/#breadcrumb"},"inLanguage":"en-US","potentialAction":[{"@type":"ReadAction","target":["https:\/\/sohokeflavik.is\/vara\/mexikosk-kjuklingasupa\/"]}]},{"@type":"ImageObject","inLanguage":"en-US","@id":"https:\/\/sohokeflavik.is\/vara\/mexikosk-kjuklingasupa\/#primaryimage","url":"https:\/\/www.soho.is\/wp-content\/uploads\/2023\/08\/traditional-bowl-moroccan-harira-close-up-1.jpg","contentUrl":"https:\/\/www.soho.is\/wp-content\/uploads\/2023\/08\/traditional-bowl-moroccan-harira-close-up-1.jpg","width":1500,"height":1000},{"@type":"BreadcrumbList","@id":"https:\/\/sohokeflavik.is\/vara\/mexikosk-kjuklingasupa\/#breadcrumb","itemListElement":[{"@type":"ListItem","position":1,"name":"Home","item":"https:\/\/www.soho.is\/"},{"@type":"ListItem","position":2,"name":"vef","item":"https:\/\/sohokeflavik.is\/vef\/"},{"@type":"ListItem","position":3,"name":"Mexik\u00f3sk kj\u00faklingas\u00fapa"}]},{"@type":"WebSite","@id":"https:\/\/www.soho.is\/#website","url":"https:\/\/www.soho.is\/","name":"Soho Keflavik","description":"Soho Catering","publisher":{"@id":"https:\/\/www.soho.is\/#organization"},"alternateName":"Soho - Veislu\u00fej\u00f3nusta","potentialAction":[{"@type":"SearchAction","target":{"@type":"EntryPoint","urlTemplate":"https:\/\/www.soho.is\/?s={search_term_string}"},"query-input":{"@type":"PropertyValueSpecification","valueRequired":true,"valueName":"search_term_string"}}],"inLanguage":"en-US"},{"@type":"Organization","@id":"https:\/\/www.soho.is\/#organization","name":"Soho Catering","alternateName":"Soho Keflav\u00edk","url":"https:\/\/www.soho.is\/","logo":{"@type":"ImageObject","inLanguage":"en-US","@id":"https:\/\/www.soho.is\/#\/schema\/logo\/image\/","url":"https:\/\/www.soho.is\/wp-content\/uploads\/2021\/10\/sohoverslun-logo.png","contentUrl":"https:\/\/www.soho.is\/wp-content\/uploads\/2021\/10\/sohoverslun-logo.png","width":847,"height":300,"caption":"Soho Veislu\u00fej\u00f3nusta"},"image":{"@id":"https:\/\/www.soho.is\/#\/schema\/logo\/image\/"},"sameAs":["https:\/\/www.facebook.com\/SohoKeflavik","https:\/\/www.instagram.com\/sohokeflavik\/"],"description":"Soho Catering - catering services","email":"soho@soho.is","telephone":"+354 4217646","legalName":"Soho ehf.","ownershipFundingInfo":"https:\/\/www.soho.is\/um-okkur\/","correctionsPolicy":"https:\/\/www.soho.is\/skilmalar\/","ethicsPolicy":"https:\/\/www.soho.is\/skilmalar\/"}]}},"_links":{"self":[{"href":"https:\/\/www.soho.is\/en\/wp-json\/wp\/v2\/product\/2938","targetHints":{"allow":["GET"]}}],"collection":[{"href":"https:\/\/www.soho.is\/en\/wp-json\/wp\/v2\/product"}],"about":[{"href":"https:\/\/www.soho.is\/en\/wp-json\/wp\/v2\/types\/product"}],"replies":[{"embeddable":true,"href":"https:\/\/www.soho.is\/en\/wp-json\/wp\/v2\/comments?post=2938"}],"wp:featuredmedia":[{"embeddable":true,"href":"https:\/\/www.soho.is\/en\/wp-json\/wp\/v2\/media\/3067"}],"wp:attachment":[{"href":"https:\/\/www.soho.is\/en\/wp-json\/wp\/v2\/media?parent=2938"}],"wp:term":[{"taxonomy":"product_brand","embeddable":true,"href":"https:\/\/www.soho.is\/en\/wp-json\/wp\/v2\/product_brand?post=2938"},{"taxonomy":"product_cat","embeddable":true,"href":"https:\/\/www.soho.is\/en\/wp-json\/wp\/v2\/product_cat?post=2938"},{"taxonomy":"product_tag","embeddable":true,"href":"https:\/\/www.soho.is\/en\/wp-json\/wp\/v2\/product_tag?post=2938"}],"curies":[{"name":"wp","href":"https:\/\/api.w.org\/{rel}","templated":true}]}}