{"id":5327,"date":"2024-03-05T09:58:27","date_gmt":"2024-03-05T09:58:27","guid":{"rendered":"https:\/\/www.soho.is\/?page_id=5327"},"modified":"2024-03-05T10:17:00","modified_gmt":"2024-03-05T10:17:00","slug":"medmaeli","status":"publish","type":"page","link":"https:\/\/www.soho.is\/en\/medmaeli\/","title":{"rendered":"Recommendations"},"content":{"rendered":"\n\n\t<section class=\"section\" id=\"section_2004854526\">\n\t\t<div class=\"section-bg fill\" >\n\t\t\t<img loading=\"lazy\" decoding=\"async\" width=\"2560\" height=\"1707\" src=\"https:\/\/www.soho.is\/wp-content\/uploads\/2023\/06\/closeup-shot-cheesecake-with-jelly-decorated-with-strawberries-berries-scaled.jpg\" class=\"bg attachment- size-\" alt=\"\" \/>\t\t\t\t\t\t\n\t\t\t\n\n\t\t<\/div>\n\n\t\t\n\n\t\t<div class=\"section-content relative\">\n\t\t\t\n\n<div class=\"row\"  id=\"row-1175944350\">\n\n\n\t<div id=\"col-1431575988\" class=\"col small-12 large-12\"  >\n\t\t\t\t<div class=\"col-inner\"  >\n\t\t\t\n\t\t\t\n\n\t<div id=\"gap-1361630083\" class=\"gap-element clearfix\" style=\"display:block; height:auto;\">\n\t\t\n<style>\n#gap-1361630083 {\n  padding-top: 300px;\n}\n<\/style>\n\t<\/div>\n\t\n\n\n\t\t<\/div>\n\t\t\t\t\t<\/div>\n\n\t\n\n<\/div>\n\n\t\t<\/div>\n\n\t\t\n<style>\n#section_2004854526 {\n  padding-top: 30px;\n  padding-bottom: 30px;\n}\n#section_2004854526 .section-bg img {\n  object-position: 43% 49%;\n}\n<\/style>\n\t<\/section>\n\t\n<div class=\"row\"  id=\"row-1012187618\">\n\n\n\t<div id=\"col-1882947211\" class=\"col medium-2 small-12 large-2\"  >\n\t\t\t\t<div class=\"col-inner\"  >\n\t\t\t\n\t\t\t\n\n\n\t\t<\/div>\n\t\t\t\t\t<\/div>\n\n\t\n\n\t<div id=\"col-2126279777\" class=\"col medium-8 small-12 large-8\"  >\n\t\t\t\t<div class=\"col-inner\"  >\n\t\t\t\n\t\t\t\n\n\t<div id=\"text-4224431739\" class=\"text\">\n\t\t\n\n<h2 class=\"alt-font\"> Me\u00f0m\u00e6li<\/p>\n<h2>\n\n\t\t\n<style>\n#text-4224431739 {\n  font-size: 2.5rem;\n  text-align: center;\n}\n<\/style>\n\t<\/div>\n\t\n\t<div id=\"text-3395806837\" class=\"text\">\n\t\t\n\n<p>Endilega sendu okkur me\u00f0m\u00e6li og vi\u00f0 m\u00f6gulega birtum \u00fea\u00f0 \u00e1 s\u00ed\u00f0unni okkar. <\/p>\n\n\t\t\n<style>\n#text-3395806837 {\n  font-size: 1.45rem;\n  text-align: center;\n}\n<\/style>\n\t<\/div>\n\t\n\n\n<div class=\"strong-view strong-form strong-view-id-1 simple-form wpmtst-simple-form\" data-state=\"idle\"><div class=\"strong-form-wait\" data-formid=\"1\"><div class=\"message\"><img decoding=\"async\" src=\"https:\/\/www.soho.is\/wp-content\/plugins\/strong-testimonials\/assets\/public\/svg\/spinner-solid.svg\" alt=\"Strong Testimonials form submission spinner.\"><\/div><\/div><div class=\"wpmtst-form wpmtst-form-id-1\"><div class=\"strong-form-inner\"><p class=\"required-notice\"><span class=\"required symbol\"><\/span>Ver\u00f0ur a\u00f0 fylla \u00fat\t\t<\/p><form class=\"wpmtst-submission-form\" method=\"post\" enctype=\"multipart\/form-data\" autocomplete=\"off\" data-config=\"{&quot;scroll&quot;:{&quot;onError&quot;:true,&quot;onErrorOffset&quot;:80,&quot;onSuccess&quot;:true,&quot;onSuccessOffset&quot;:80},&quot;fields&quot;:[{&quot;name&quot;:&quot;client_name&quot;,&quot;type&quot;:&quot;text&quot;,&quot;required&quot;:1},{&quot;name&quot;:&quot;email&quot;,&quot;type&quot;:&quot;email&quot;,&quot;required&quot;:1},{&quot;name&quot;:&quot;company_name&quot;,&quot;type&quot;:&quot;text&quot;,&quot;required&quot;:0},{&quot;name&quot;:&quot;company_website&quot;,&quot;type&quot;:&quot;url&quot;,&quot;required&quot;:0},{&quot;name&quot;:&quot;post_title&quot;,&quot;type&quot;:&quot;text&quot;,&quot;required&quot;:1},{&quot;name&quot;:&quot;post_content&quot;,&quot;type&quot;:&quot;textarea&quot;,&quot;required&quot;:1},{&quot;name&quot;:&quot;star_rating&quot;,&quot;type&quot;:&quot;rating&quot;,&quot;required&quot;:1}]}\" data-formid = \"1\"><div style=\"display: none;\"><input type=\"hidden\" id=\"wpmtst_form_nonce\" name=\"wpmtst_form_nonce\" value=\"65afa7986a\" \/><input type=\"hidden\" name=\"_wp_http_referer\" value=\"\/en\/wp-json\/wp\/v2\/pages\/5327\" \/><input type=\"hidden\" name=\"action\" value=\"wpmtst_form\"><input type=\"hidden\" name=\"form_id\" value=\"1\"><input type=\"hidden\" name=\"default_category\" value=\"\"><input type=\"hidden\" name=\"view_id\" value=\"1\"><input type=\"hidden\" name=\"category\" value=\"\"><\/div><div class=\"form-field field-client_name\"><label for=\"wpmtst_client_name\" class=\"field-client_name\">Fullt nafn<\/label><span class=\"required symbol\"><\/span><input id=\"wpmtst_client_name\" type=\"text\" class=\"text\" name=\"client_name\"  value=\"\" placeholder=\"\"   required tabindex=\"0\"><span class=\"after\"><\/span><\/div><div class=\"form-field field-email\"><label for=\"wpmtst_email\" class=\"field-email\">Email<\/label><span class=\"required symbol\"><\/span><input id=\"wpmtst_email\" type=\"email\" class=\"text email\" name=\"email\"  value=\"\" placeholder=\"\"   required tabindex=\"0\"><span class=\"after\"><\/span><\/div><div class=\"form-field field-company_name\"><label for=\"wpmtst_company_name\" class=\"field-company_name\">Fyrirt\u00e6ki e\u00f0a heiti \u00e1 veislu<\/label><input id=\"wpmtst_company_name\" type=\"text\" class=\"text\" name=\"company_name\"  value=\"\" placeholder=\"\"   tabindex=\"0\"><span class=\"after\"><\/span><\/div><div class=\"form-field field-company_website\"><label for=\"wpmtst_company_website\" class=\"field-company_website\">Vefs\u00ed\u00f0a fyrirt\u00e6kis<\/label><input id=\"wpmtst_company_website\" type=\"url\" class=\"text url\" name=\"company_website\"  value=\"\" placeholder=\"\"   tabindex=\"0\"><span class=\"after\"><\/span><\/div><div class=\"form-field field-post_title\"><label for=\"wpmtst_post_title\" class=\"field-post_title\">Titill<\/label><span class=\"required symbol\"><\/span><input id=\"wpmtst_post_title\" type=\"text\" class=\"text\" name=\"post_title\"  value=\"\" placeholder=\"\"   required tabindex=\"0\"><span class=\"after\"><\/span><\/div><div class=\"form-field field-post_content\"><label for=\"wpmtst_post_content\" class=\"field-post_content\">Texti<\/label><span class=\"required symbol\"><\/span><textarea id=\"wpmtst_post_content\" name=\"post_content\" class=\"textarea\"  required placeholder=\"\"  tabindex=\"0\"><\/textarea><span class=\"after\"><\/span><\/div><div class=\"form-field field-star_rating\"><label for=\"wpmtst_star_rating\" class=\"field-star_rating\">Stj\u00f6rnugj\u00f6f<\/label><span class=\"required symbol\"><\/span><div class=\"strong-rating-wrapper field-wrap in-form\"><fieldset contenteditable=false\n\t\t\t\t\tid=\"wpmtst_star_rating\"\n\t\t\t\t\tname=\"star_rating\"\n\t\t\t\t\tclass=\"strong-rating\"\n\t\t\t\t\tdata-field-type=\"rating\"\n\t\t\t\t\ttabindex=\"0\"><legend>rating fields<\/legend><input type=\"radio\" id=\"star_rating-star0-4353\" name=\"star_rating\" value=\"0\"  checked='checked' \/><label for=\"star_rating-star0-4353\" title=\"No stars\"><\/label><input type=\"radio\" id=\"star_rating-star1-4353\" name=\"star_rating\" value=\"1\"  \/><label for=\"star_rating-star1-4353\" class=\"star\" title=\"1 star\"><svg aria-hidden=\"true\" role=\"img\" xmlns=\"http:\/\/www.w3.org\/2000\/svg\" viewBox=\"-12 -12 590 526\"><path class=\"star_regular\" d=\"M528.1 171.5L382 150.2 316.7 17.8c-11.7-23.6-45.6-23.9-57.4 0L194 150.2 47.9 171.5c-26.2 3.8-36.7 36.1-17.7 54.6l105.7 103-25 145.5c-4.5 26.3 23.2 46 46.4 33.7L288 439.6l130.7 68.7c23.2 12.2 50.9-7.4 46.4-33.7l-25-145.5 105.7-103c19-18.5 8.5-50.8-17.7-54.6zM388.6 312.3l23.7 138.4L288 385.4l-124.3 65.3 23.7-138.4-100.6-98 139-20.2 62.2-126 62.2 126 139 20.2-100.6 98z\"><\/path><path class=\"star_solid\" d=\"M259.3 17.8L194 150.2 47.9 171.5c-26.2 3.8-36.7 36.1-17.7 54.6l105.7 103-25 145.5c-4.5 26.3 23.2 46 46.4 33.7L288 439.6l130.7 68.7c23.2 12.2 50.9-7.4 46.4-33.7l-25-145.5 105.7-103c19-18.5 8.5-50.8-17.7-54.6L382 150.2 316.7 17.8c-11.7-23.6-45.6-23.9-57.4 0z\"><\/path><\/svg><\/label><input type=\"radio\" id=\"star_rating-star2-4353\" name=\"star_rating\" value=\"2\"  \/><label for=\"star_rating-star2-4353\" class=\"star\" title=\"2 stars\"><svg aria-hidden=\"true\" role=\"img\" xmlns=\"http:\/\/www.w3.org\/2000\/svg\" viewBox=\"-12 -12 590 526\"><path class=\"star_regular\" d=\"M528.1 171.5L382 150.2 316.7 17.8c-11.7-23.6-45.6-23.9-57.4 0L194 150.2 47.9 171.5c-26.2 3.8-36.7 36.1-17.7 54.6l105.7 103-25 145.5c-4.5 26.3 23.2 46 46.4 33.7L288 439.6l130.7 68.7c23.2 12.2 50.9-7.4 46.4-33.7l-25-145.5 105.7-103c19-18.5 8.5-50.8-17.7-54.6zM388.6 312.3l23.7 138.4L288 385.4l-124.3 65.3 23.7-138.4-100.6-98 139-20.2 62.2-126 62.2 126 139 20.2-100.6 98z\"><\/path><path class=\"star_solid\" d=\"M259.3 17.8L194 150.2 47.9 171.5c-26.2 3.8-36.7 36.1-17.7 54.6l105.7 103-25 145.5c-4.5 26.3 23.2 46 46.4 33.7L288 439.6l130.7 68.7c23.2 12.2 50.9-7.4 46.4-33.7l-25-145.5 105.7-103c19-18.5 8.5-50.8-17.7-54.6L382 150.2 316.7 17.8c-11.7-23.6-45.6-23.9-57.4 0z\"><\/path><\/svg><\/label><input type=\"radio\" id=\"star_rating-star3-4353\" name=\"star_rating\" value=\"3\"  \/><label for=\"star_rating-star3-4353\" class=\"star\" title=\"3 stars\"><svg aria-hidden=\"true\" role=\"img\" xmlns=\"http:\/\/www.w3.org\/2000\/svg\" viewBox=\"-12 -12 590 526\"><path class=\"star_regular\" d=\"M528.1 171.5L382 150.2 316.7 17.8c-11.7-23.6-45.6-23.9-57.4 0L194 150.2 47.9 171.5c-26.2 3.8-36.7 36.1-17.7 54.6l105.7 103-25 145.5c-4.5 26.3 23.2 46 46.4 33.7L288 439.6l130.7 68.7c23.2 12.2 50.9-7.4 46.4-33.7l-25-145.5 105.7-103c19-18.5 8.5-50.8-17.7-54.6zM388.6 312.3l23.7 138.4L288 385.4l-124.3 65.3 23.7-138.4-100.6-98 139-20.2 62.2-126 62.2 126 139 20.2-100.6 98z\"><\/path><path class=\"star_solid\" d=\"M259.3 17.8L194 150.2 47.9 171.5c-26.2 3.8-36.7 36.1-17.7 54.6l105.7 103-25 145.5c-4.5 26.3 23.2 46 46.4 33.7L288 439.6l130.7 68.7c23.2 12.2 50.9-7.4 46.4-33.7l-25-145.5 105.7-103c19-18.5 8.5-50.8-17.7-54.6L382 150.2 316.7 17.8c-11.7-23.6-45.6-23.9-57.4 0z\"><\/path><\/svg><\/label><input type=\"radio\" id=\"star_rating-star4-4353\" name=\"star_rating\" value=\"4\"  \/><label for=\"star_rating-star4-4353\" class=\"star\" title=\"4 stars\"><svg aria-hidden=\"true\" role=\"img\" xmlns=\"http:\/\/www.w3.org\/2000\/svg\" viewBox=\"-12 -12 590 526\"><path class=\"star_regular\" d=\"M528.1 171.5L382 150.2 316.7 17.8c-11.7-23.6-45.6-23.9-57.4 0L194 150.2 47.9 171.5c-26.2 3.8-36.7 36.1-17.7 54.6l105.7 103-25 145.5c-4.5 26.3 23.2 46 46.4 33.7L288 439.6l130.7 68.7c23.2 12.2 50.9-7.4 46.4-33.7l-25-145.5 105.7-103c19-18.5 8.5-50.8-17.7-54.6zM388.6 312.3l23.7 138.4L288 385.4l-124.3 65.3 23.7-138.4-100.6-98 139-20.2 62.2-126 62.2 126 139 20.2-100.6 98z\"><\/path><path class=\"star_solid\" d=\"M259.3 17.8L194 150.2 47.9 171.5c-26.2 3.8-36.7 36.1-17.7 54.6l105.7 103-25 145.5c-4.5 26.3 23.2 46 46.4 33.7L288 439.6l130.7 68.7c23.2 12.2 50.9-7.4 46.4-33.7l-25-145.5 105.7-103c19-18.5 8.5-50.8-17.7-54.6L382 150.2 316.7 17.8c-11.7-23.6-45.6-23.9-57.4 0z\"><\/path><\/svg><\/label><input type=\"radio\" id=\"star_rating-star5-4353\" name=\"star_rating\" value=\"5\"  \/><label for=\"star_rating-star5-4353\" class=\"star\" title=\"5 stars\"><svg aria-hidden=\"true\" role=\"img\" xmlns=\"http:\/\/www.w3.org\/2000\/svg\" viewBox=\"-12 -12 590 526\"><path class=\"star_regular\" d=\"M528.1 171.5L382 150.2 316.7 17.8c-11.7-23.6-45.6-23.9-57.4 0L194 150.2 47.9 171.5c-26.2 3.8-36.7 36.1-17.7 54.6l105.7 103-25 145.5c-4.5 26.3 23.2 46 46.4 33.7L288 439.6l130.7 68.7c23.2 12.2 50.9-7.4 46.4-33.7l-25-145.5 105.7-103c19-18.5 8.5-50.8-17.7-54.6zM388.6 312.3l23.7 138.4L288 385.4l-124.3 65.3 23.7-138.4-100.6-98 139-20.2 62.2-126 62.2 126 139 20.2-100.6 98z\"><\/path><path class=\"star_solid\" d=\"M259.3 17.8L194 150.2 47.9 171.5c-26.2 3.8-36.7 36.1-17.7 54.6l105.7 103-25 145.5c-4.5 26.3 23.2 46 46.4 33.7L288 439.6l130.7 68.7c23.2 12.2 50.9-7.4 46.4-33.7l-25-145.5 105.7-103c19-18.5 8.5-50.8-17.7-54.6L382 150.2 316.7 17.8c-11.7-23.6-45.6-23.9-57.4 0z\"><\/path><\/svg><\/label><\/fieldset><\/div><span class=\"after\">Gef\u00f0u okkur stj\u00f6rnur!<\/span><\/div><div class=\"form-field wpmtst-submit\"><label><input type=\"submit\" class=\"wpmtst_submit_testimonial\" name=\"wpmtst_submit_testimonial\" value=\"Senda Me\u00f0m\u00e6li\" class=\"button\" tabindex=\"0\"><\/label><\/div><\/form><\/div><\/div><\/div>\n\n\n\t\t<\/div>\n\t\t\t\t\t<\/div>\n\n\t\n\n\t<div id=\"col-1102505881\" class=\"col medium-2 small-12 large-2\"  >\n\t\t\t\t<div class=\"col-inner\"  >\n\t\t\t\n\t\t\t\n\n\n\t\t<\/div>\n\t\t\t\t\t<\/div>\n\n\t\n\n<\/div>\n\n","protected":false},"excerpt":{"rendered":"","protected":false},"author":1,"featured_media":0,"parent":0,"menu_order":0,"comment_status":"closed","ping_status":"closed","template":"page-blank.php","meta":{"_acf_changed":false,"footnotes":""},"class_list":["post-5327","page","type-page","status-publish","hentry"],"acf":[],"yoast_head":"<!-- This site is optimized with the Yoast SEO Premium plugin v27.3 (Yoast SEO v27.3) - https:\/\/yoast.com\/product\/yoast-seo-premium-wordpress\/ -->\n<title>Me\u00f0m\u00e6li - Soho.is<\/title>\n<meta name=\"robots\" content=\"index, follow, max-snippet:-1, max-image-preview:large, max-video-preview:-1\" \/>\n<link rel=\"canonical\" href=\"https:\/\/www.soho.is\/en\/medmaeli\/\" \/>\n<meta property=\"og:locale\" content=\"en_US\" \/>\n<meta property=\"og:type\" content=\"article\" \/>\n<meta property=\"og:title\" content=\"Me\u00f0m\u00e6li\" \/>\n<meta property=\"og:description\" content=\"Soho.is\" \/>\n<meta property=\"og:url\" content=\"https:\/\/www.soho.is\/en\/medmaeli\/\" \/>\n<meta property=\"og:site_name\" content=\"Soho.is\" \/>\n<meta property=\"article:publisher\" content=\"https:\/\/www.facebook.com\/SohoKeflavik\" \/>\n<meta property=\"article:modified_time\" content=\"2024-03-05T10:17:00+00:00\" \/>\n<meta property=\"og:image\" content=\"https:\/\/www.soho.is\/wp-content\/uploads\/2024\/03\/Hladbord--scaled.jpg\" \/>\n\t<meta property=\"og:image:width\" content=\"1707\" \/>\n\t<meta property=\"og:image:height\" content=\"2560\" \/>\n\t<meta property=\"og:image:type\" content=\"image\/jpeg\" \/>\n<meta name=\"twitter:card\" content=\"summary_large_image\" \/>\n<meta name=\"twitter:label1\" content=\"Est. reading time\" \/>\n\t<meta name=\"twitter:data1\" content=\"1 minute\" \/>\n<script type=\"application\/ld+json\" class=\"yoast-schema-graph\">{\"@context\":\"https:\\\/\\\/schema.org\",\"@graph\":[{\"@type\":\"WebPage\",\"@id\":\"https:\\\/\\\/www.soho.is\\\/medmaeli\\\/\",\"url\":\"https:\\\/\\\/www.soho.is\\\/medmaeli\\\/\",\"name\":\"Me\u00f0m\u00e6li - Soho.is\",\"isPartOf\":{\"@id\":\"https:\\\/\\\/www.soho.is\\\/#website\"},\"datePublished\":\"2024-03-05T09:58:27+00:00\",\"dateModified\":\"2024-03-05T10:17:00+00:00\",\"breadcrumb\":{\"@id\":\"https:\\\/\\\/www.soho.is\\\/medmaeli\\\/#breadcrumb\"},\"inLanguage\":\"en-US\",\"potentialAction\":[{\"@type\":\"ReadAction\",\"target\":[\"https:\\\/\\\/www.soho.is\\\/medmaeli\\\/\"]}]},{\"@type\":\"BreadcrumbList\",\"@id\":\"https:\\\/\\\/www.soho.is\\\/medmaeli\\\/#breadcrumb\",\"itemListElement\":[{\"@type\":\"ListItem\",\"position\":1,\"name\":\"Home\",\"item\":\"https:\\\/\\\/www.soho.is\\\/\"},{\"@type\":\"ListItem\",\"position\":2,\"name\":\"Me\u00f0m\u00e6li\"}]},{\"@type\":\"WebSite\",\"@id\":\"https:\\\/\\\/www.soho.is\\\/#website\",\"url\":\"https:\\\/\\\/www.soho.is\\\/\",\"name\":\"Soho Keflav\u00edk\",\"description\":\"Soho Veislu\u00fej\u00f3nusta\",\"publisher\":{\"@id\":\"https:\\\/\\\/www.soho.is\\\/#organization\"},\"alternateName\":\"Soho - Veislu\u00fej\u00f3nusta\",\"potentialAction\":[{\"@type\":\"SearchAction\",\"target\":{\"@type\":\"EntryPoint\",\"urlTemplate\":\"https:\\\/\\\/www.soho.is\\\/?s={search_term_string}\"},\"query-input\":{\"@type\":\"PropertyValueSpecification\",\"valueRequired\":true,\"valueName\":\"search_term_string\"}}],\"inLanguage\":\"en-US\"},{\"@type\":\"Organization\",\"@id\":\"https:\\\/\\\/www.soho.is\\\/#organization\",\"name\":\"Soho Veislu\u00fej\u00f3nusta\",\"alternateName\":\"Soho Keflav\u00edk\",\"url\":\"https:\\\/\\\/www.soho.is\\\/\",\"logo\":{\"@type\":\"ImageObject\",\"inLanguage\":\"en-US\",\"@id\":\"https:\\\/\\\/www.soho.is\\\/#\\\/schema\\\/logo\\\/image\\\/\",\"url\":\"https:\\\/\\\/www.soho.is\\\/wp-content\\\/uploads\\\/2021\\\/10\\\/sohoverslun-logo.png\",\"contentUrl\":\"https:\\\/\\\/www.soho.is\\\/wp-content\\\/uploads\\\/2021\\\/10\\\/sohoverslun-logo.png\",\"width\":847,\"height\":300,\"caption\":\"Soho Veislu\u00fej\u00f3nusta\"},\"image\":{\"@id\":\"https:\\\/\\\/www.soho.is\\\/#\\\/schema\\\/logo\\\/image\\\/\"},\"sameAs\":[\"https:\\\/\\\/www.facebook.com\\\/SohoKeflavik\",\"https:\\\/\\\/www.instagram.com\\\/sohokeflavik\\\/\"],\"description\":\"Soho Catering - veislu\u00fej\u00f3nusta\",\"email\":\"soho@soho.is\",\"telephone\":\"+354 4217646\",\"legalName\":\"Soho ehf.\",\"ownershipFundingInfo\":\"https:\\\/\\\/www.soho.is\\\/um-okkur\\\/\",\"correctionsPolicy\":\"https:\\\/\\\/www.soho.is\\\/skilmalar\\\/\",\"ethicsPolicy\":\"https:\\\/\\\/www.soho.is\\\/skilmalar\\\/\"}]}<\/script>\n<!-- \/ Yoast SEO Premium plugin. -->","yoast_head_json":{"title":"Recommendations - Soho.is","robots":{"index":"index","follow":"follow","max-snippet":"max-snippet:-1","max-image-preview":"max-image-preview:large","max-video-preview":"max-video-preview:-1"},"canonical":"https:\/\/www.soho.is\/en\/medmaeli\/","og_locale":"en_US","og_type":"article","og_title":"Me\u00f0m\u00e6li","og_description":"Soho.is","og_url":"https:\/\/www.soho.is\/en\/medmaeli\/","og_site_name":"Soho.is","article_publisher":"https:\/\/www.facebook.com\/SohoKeflavik","article_modified_time":"2024-03-05T10:17:00+00:00","og_image":[{"width":1707,"height":2560,"url":"https:\/\/www.soho.is\/wp-content\/uploads\/2024\/03\/Hladbord--scaled.jpg","type":"image\/jpeg"}],"twitter_card":"summary_large_image","twitter_misc":{"Est. reading time":"1 minute"},"schema":{"@context":"https:\/\/schema.org","@graph":[{"@type":"WebPage","@id":"https:\/\/www.soho.is\/medmaeli\/","url":"https:\/\/www.soho.is\/medmaeli\/","name":"Recommendations - Soho.is","isPartOf":{"@id":"https:\/\/www.soho.is\/#website"},"datePublished":"2024-03-05T09:58:27+00:00","dateModified":"2024-03-05T10:17:00+00:00","breadcrumb":{"@id":"https:\/\/www.soho.is\/medmaeli\/#breadcrumb"},"inLanguage":"en-US","potentialAction":[{"@type":"ReadAction","target":["https:\/\/www.soho.is\/medmaeli\/"]}]},{"@type":"BreadcrumbList","@id":"https:\/\/www.soho.is\/medmaeli\/#breadcrumb","itemListElement":[{"@type":"ListItem","position":1,"name":"Home","item":"https:\/\/www.soho.is\/"},{"@type":"ListItem","position":2,"name":"Me\u00f0m\u00e6li"}]},{"@type":"WebSite","@id":"https:\/\/www.soho.is\/#website","url":"https:\/\/www.soho.is\/","name":"Soho Keflavik","description":"Soho Catering","publisher":{"@id":"https:\/\/www.soho.is\/#organization"},"alternateName":"Soho - Veislu\u00fej\u00f3nusta","potentialAction":[{"@type":"SearchAction","target":{"@type":"EntryPoint","urlTemplate":"https:\/\/www.soho.is\/?s={search_term_string}"},"query-input":{"@type":"PropertyValueSpecification","valueRequired":true,"valueName":"search_term_string"}}],"inLanguage":"en-US"},{"@type":"Organization","@id":"https:\/\/www.soho.is\/#organization","name":"Soho Catering","alternateName":"Soho Keflav\u00edk","url":"https:\/\/www.soho.is\/","logo":{"@type":"ImageObject","inLanguage":"en-US","@id":"https:\/\/www.soho.is\/#\/schema\/logo\/image\/","url":"https:\/\/www.soho.is\/wp-content\/uploads\/2021\/10\/sohoverslun-logo.png","contentUrl":"https:\/\/www.soho.is\/wp-content\/uploads\/2021\/10\/sohoverslun-logo.png","width":847,"height":300,"caption":"Soho Veislu\u00fej\u00f3nusta"},"image":{"@id":"https:\/\/www.soho.is\/#\/schema\/logo\/image\/"},"sameAs":["https:\/\/www.facebook.com\/SohoKeflavik","https:\/\/www.instagram.com\/sohokeflavik\/"],"description":"Soho Catering - catering services","email":"soho@soho.is","telephone":"+354 4217646","legalName":"Soho ehf.","ownershipFundingInfo":"https:\/\/www.soho.is\/um-okkur\/","correctionsPolicy":"https:\/\/www.soho.is\/skilmalar\/","ethicsPolicy":"https:\/\/www.soho.is\/skilmalar\/"}]}},"_links":{"self":[{"href":"https:\/\/www.soho.is\/en\/wp-json\/wp\/v2\/pages\/5327","targetHints":{"allow":["GET"]}}],"collection":[{"href":"https:\/\/www.soho.is\/en\/wp-json\/wp\/v2\/pages"}],"about":[{"href":"https:\/\/www.soho.is\/en\/wp-json\/wp\/v2\/types\/page"}],"author":[{"embeddable":true,"href":"https:\/\/www.soho.is\/en\/wp-json\/wp\/v2\/users\/1"}],"replies":[{"embeddable":true,"href":"https:\/\/www.soho.is\/en\/wp-json\/wp\/v2\/comments?post=5327"}],"version-history":[{"count":12,"href":"https:\/\/www.soho.is\/en\/wp-json\/wp\/v2\/pages\/5327\/revisions"}],"predecessor-version":[{"id":5339,"href":"https:\/\/www.soho.is\/en\/wp-json\/wp\/v2\/pages\/5327\/revisions\/5339"}],"wp:attachment":[{"href":"https:\/\/www.soho.is\/en\/wp-json\/wp\/v2\/media?parent=5327"}],"curies":[{"name":"wp","href":"https:\/\/api.w.org\/{rel}","templated":true}]}}