{"id":4938,"date":"2025-10-15T11:23:22","date_gmt":"2025-10-15T11:23:22","guid":{"rendered":"https:\/\/www.soho.is\/?page_id=4938"},"modified":"2025-10-15T11:41:52","modified_gmt":"2025-10-15T11:41:52","slug":"pantanir-2","status":"publish","type":"page","link":"https:\/\/www.soho.is\/en\/pantanir-2\/","title":{"rendered":"Orders"},"content":{"rendered":"<div id=\"text-3505093692\" class=\"text\">\n\t\t\n\n<h1 style=\"text-align: center\"><span style=\"font-size: 110%\">Lunch orders<\/span><\/h1>\n<p>&nbsp;<\/p>\n<p style=\"text-align: center\">We offer a healthy and delicious lunch every weekday.<\/p>\n<p style=\"text-align: center\">&nbsp;<\/p>\n\t\t\n<style>\n#text-3505093692 {\n  line-height: 0.75;\n}\n<\/style>\n\t<\/div>\n\t\n<div class=\"row\"  id=\"row-1246096934\">\n\n\n\t<div id=\"col-609652173\" class=\"col medium-4 small-12 large-4\"  >\n\t\t\t\t<div class=\"col-inner\"  >\n\t\t\t\n\t\t\t\n\n\n\t\t<\/div>\n\t\t\t\t\t<\/div>\n\n\t\n\n\t<div id=\"col-1624212522\" class=\"col medium-4 small-12 large-4\"  >\n\t\t\t\t<div class=\"col-inner text-center\"  >\n\t\t\t\n\t\t\t\n\n<a href=\"https:\/\/www.soho.is\/wp-content\/uploads\/2024\/01\/Fyrirtaekja-menu-vika-02-08-12-2024.pdf\" target=\"_blank\" class=\"button primary lowercase\" rel=\"noopener\" >\n\t\t<span>Soho&#039;s menu<\/span>\n\t<\/a>\n\n\n<a href=\"https:\/\/www.soho.is\/wp-content\/uploads\/2024\/01\/Cantin-menu-week-02-08-14-2024.pdf\" target=\"_blank\" class=\"button primary lowercase\" rel=\"noopener\" >\n\t\t<span>Menu Canteen Coast Guard<\/span>\n\t<\/a>\n\n\n\n\t\t<\/div>\n\t\t\t\t\t<\/div>\n\n\t\n\n\t<div id=\"col-339875054\" class=\"col medium-4 small-12 large-4\"  >\n\t\t\t\t<div class=\"col-inner\"  >\n\t\t\t\n\t\t\t\n\n\n\t\t<\/div>\n\t\t\t\t\t<\/div>\n\n\t\n\n<\/div>\n\n\t<section class=\"section\" id=\"section_403440147\">\n\t\t<div class=\"section-bg fill\" >\n\t\t\t\t\t\t\t\t\t\n\t\t\t\n\n\t\t<\/div>\n\n\t\t\n\n\t\t<div class=\"section-content relative\">\n\t\t\t\n\n\t\n  \n    <div id=\"product-grid-800301719\" class=\"row  equalize-box large-columns-2 medium-columns- small-columns- row-normal has-shadow row-box-shadow-1 row-box-shadow-5-hover row-masonry\" data-packery-options='{\"itemSelector\": \".col\", \"gutter\": 0, \"presentageWidth\" : true}'>\n\n  \n\t     <div class=\"col\" >\n\t\t\t\t\t\t<div class=\"col-inner\">\n\t\t\t\t\t\t\n<div class=\"badge-container absolute left top z-1\">\n\n<\/div>\n\t\t\t\t\t\t<div class=\"product-small box has-hover box-vertical box-text-bottom\">\n\t\t\t\t\t\t\t<div class=\"box-image\" style=\"width:13%;\">\n\t\t\t\t\t\t\t\t<div class=\"image-cover\" style=\"padding-top:100%;\">\n\t\t\t\t\t\t\t\t\t<a href=\"https:\/\/www.soho.is\/en\/product\/auka-kjuklingur-a-salat\/\" aria-label=\"Extra Chicken on Salad\">\n\t\t\t\t\t\t\t\t\t\t<img loading=\"lazy\" decoding=\"async\" width=\"512\" height=\"512\" src=\"https:\/\/www.soho.is\/wp-content\/uploads\/2023\/04\/chicken.svg\" class=\"attachment-medium size-medium\" alt=\"Auka Kj\u00faklingur \u00e1 salat\" \/>\t\t\t\t\t\t\t\t\t<\/a>\n\t\t\t\t\t\t\t\t\t\t\t\t\t\t\t\t\t\t \t\t\t\t\t\t\t\t<\/div>\n\t\t\t\t\t\t\t\t<div class=\"image-tools top right show-on-hover\">\n\t\t\t\t\t\t\t\t\t\t\t\t\t\t\t\t\t<\/div>\n\t\t\t\t\t\t\t\t\t\t\t\t\t\t\t\t\t<div class=\"image-tools grid-tools text-center hide-for-small bottom hover-slide-in show-on-hover\">\n\t\t\t\t\t\t\t\t\t\t\t\t\t\t\t\t\t\t\t<\/div>\n\t\t\t\t\t\t\t\t\t\t\t\t\t\t\t\t\t\t\t\t\t\t\t<\/div>\n\n\t\t\t\t\t\t\t<div class=\"box-text text-left\" style=\"padding:15px 15px 15px 15px;\">\n\t\t\t\t\t\t\t\t<div class=\"title-wrapper\">\t\t<p class=\"category uppercase is-smaller no-text-overflow product-cat op-8\">\n\t\t\tSalads\t\t<\/p>\n\t<p class=\"name product-title woocommerce-loop-product__title\"><a href=\"https:\/\/www.soho.is\/en\/product\/auka-kjuklingur-a-salat\/\" class=\"woocommerce-LoopProduct-link woocommerce-loop-product__link\">Extra Chicken on Salad<\/a><\/p><\/div><div class=\"price-wrapper\">\n\t<span class=\"price\"><span class=\"woocommerce-Price-amount amount\"><bdi>990&nbsp;<span class=\"woocommerce-Price-currencySymbol\">ISK<\/span><\/bdi><\/span><\/span>\n<\/div>\t\t\t\t\t\t\t<\/div>\n\t\t\t\t\t\t<\/div>\n\t\t\t\t\t\t<\/div>\n\t\t\t\t\t<\/div><div class=\"col\" >\n\t\t\t\t\t\t<div class=\"col-inner\">\n\t\t\t\t\t\t\n<div class=\"badge-container absolute left top z-1\">\n\n<\/div>\n\t\t\t\t\t\t<div class=\"product-small box has-hover box-vertical box-text-bottom\">\n\t\t\t\t\t\t\t<div class=\"box-image\" style=\"width:13%;\">\n\t\t\t\t\t\t\t\t<div class=\"image-cover\" style=\"padding-top:100%;\">\n\t\t\t\t\t\t\t\t\t<a href=\"https:\/\/www.soho.is\/en\/product\/djupsteiktur-thorskur-orly\/\" aria-label=\"Deep-fried cod in orly\">\n\t\t\t\t\t\t\t\t\t\t<img loading=\"lazy\" decoding=\"async\" width=\"511\" height=\"511\" src=\"https:\/\/www.soho.is\/wp-content\/uploads\/2023\/04\/fish.svg\" class=\"attachment-medium size-medium\" alt=\"Dj\u00fapsteiktur \u00feorskur \u00ed orl\u00fd\" \/>\t\t\t\t\t\t\t\t\t<\/a>\n\t\t\t\t\t\t\t\t\t\t\t\t\t\t\t\t\t\t \t\t\t\t\t\t\t\t<\/div>\n\t\t\t\t\t\t\t\t<div class=\"image-tools top right show-on-hover\">\n\t\t\t\t\t\t\t\t\t\t\t\t\t\t\t\t\t<\/div>\n\t\t\t\t\t\t\t\t\t\t\t\t\t\t\t\t\t<div class=\"image-tools grid-tools text-center hide-for-small bottom hover-slide-in show-on-hover\">\n\t\t\t\t\t\t\t\t\t\t\t\t\t\t\t\t\t\t\t<\/div>\n\t\t\t\t\t\t\t\t\t\t\t\t\t\t\t\t\t\t\t\t\t\t\t<\/div>\n\n\t\t\t\t\t\t\t<div class=\"box-text text-left\" style=\"padding:15px 15px 15px 15px;\">\n\t\t\t\t\t\t\t\t<div class=\"title-wrapper\">\t\t<p class=\"category uppercase is-smaller no-text-overflow product-cat op-8\">\n\t\t\tIndividual dishes\t\t<\/p>\n\t<p class=\"name product-title woocommerce-loop-product__title\"><a href=\"https:\/\/www.soho.is\/en\/product\/djupsteiktur-thorskur-orly\/\" class=\"woocommerce-LoopProduct-link woocommerce-loop-product__link\">Deep-fried cod in orly<\/a><\/p><\/div><div class=\"price-wrapper\">\n\t<span class=\"price\"><span class=\"woocommerce-Price-amount amount\"><bdi>2.690&nbsp;<span class=\"woocommerce-Price-currencySymbol\">ISK<\/span><\/bdi><\/span><\/span>\n<\/div>\t\t\t\t\t\t\t<\/div>\n\t\t\t\t\t\t<\/div>\n\t\t\t\t\t\t<\/div>\n\t\t\t\t\t<\/div><div class=\"col\" >\n\t\t\t\t\t\t<div class=\"col-inner\">\n\t\t\t\t\t\t\n<div class=\"badge-container absolute left top z-1\">\n\n<\/div>\n\t\t\t\t\t\t<div class=\"product-small box has-hover box-vertical box-text-bottom\">\n\t\t\t\t\t\t\t<div class=\"box-image\" style=\"width:13%;\">\n\t\t\t\t\t\t\t\t<div class=\"image-cover\" style=\"padding-top:100%;\">\n\t\t\t\t\t\t\t\t\t<a href=\"https:\/\/www.soho.is\/en\/product\/soho-salat\/\" aria-label=\"Soho salad\">\n\t\t\t\t\t\t\t\t\t\t<img loading=\"lazy\" decoding=\"async\" width=\"511\" height=\"511\" src=\"https:\/\/www.soho.is\/wp-content\/uploads\/2022\/01\/salad.svg\" class=\"attachment-medium size-medium\" alt=\"Soho salat\" \/>\t\t\t\t\t\t\t\t\t<\/a>\n\t\t\t\t\t\t\t\t\t\t\t\t\t\t\t\t\t\t \t\t\t\t\t\t\t\t<\/div>\n\t\t\t\t\t\t\t\t<div class=\"image-tools top right show-on-hover\">\n\t\t\t\t\t\t\t\t\t\t\t\t\t\t\t\t\t<\/div>\n\t\t\t\t\t\t\t\t\t\t\t\t\t\t\t\t\t<div class=\"image-tools grid-tools text-center hide-for-small bottom hover-slide-in show-on-hover\">\n\t\t\t\t\t\t\t\t\t\t\t\t\t\t\t\t\t\t\t<\/div>\n\t\t\t\t\t\t\t\t\t\t\t\t\t\t\t\t\t\t\t\t\t\t\t<\/div>\n\n\t\t\t\t\t\t\t<div class=\"box-text text-left\" style=\"padding:15px 15px 15px 15px;\">\n\t\t\t\t\t\t\t\t<div class=\"title-wrapper\">\t\t<p class=\"category uppercase is-smaller no-text-overflow product-cat op-8\">\n\t\t\tSalads\t\t<\/p>\n\t<p class=\"name product-title woocommerce-loop-product__title\"><a href=\"https:\/\/www.soho.is\/en\/product\/soho-salat\/\" class=\"woocommerce-LoopProduct-link woocommerce-loop-product__link\">Soho salad<\/a><\/p><\/div><div class=\"price-wrapper\">\n\t<span class=\"price\"><span class=\"woocommerce-Price-amount amount\"><bdi>2.690&nbsp;<span class=\"woocommerce-Price-currencySymbol\">ISK<\/span><\/bdi><\/span><\/span>\n<\/div>\t\t\t\t\t\t\t<\/div>\n\t\t\t\t\t\t<\/div>\n\t\t\t\t\t\t<\/div>\n\t\t\t\t\t<\/div><div class=\"col\" >\n\t\t\t\t\t\t<div class=\"col-inner\">\n\t\t\t\t\t\t\n<div class=\"badge-container absolute left top z-1\">\n\n<\/div>\n\t\t\t\t\t\t<div class=\"product-small box has-hover box-vertical box-text-bottom\">\n\t\t\t\t\t\t\t<div class=\"box-image\" style=\"width:13%;\">\n\t\t\t\t\t\t\t\t<div class=\"image-cover\" style=\"padding-top:100%;\">\n\t\t\t\t\t\t\t\t\t<a href=\"https:\/\/www.soho.is\/en\/product\/hlidarsalat\/\" aria-label=\"Side salad\">\n\t\t\t\t\t\t\t\t\t\t<img loading=\"lazy\" decoding=\"async\" width=\"511\" height=\"511\" src=\"https:\/\/www.soho.is\/wp-content\/uploads\/2022\/01\/salad.svg\" class=\"attachment-medium size-medium\" alt=\"Hli\u00f0arsalat\" \/>\t\t\t\t\t\t\t\t\t<\/a>\n\t\t\t\t\t\t\t\t\t\t\t\t\t\t\t\t\t\t \t\t\t\t\t\t\t\t<\/div>\n\t\t\t\t\t\t\t\t<div class=\"image-tools top right show-on-hover\">\n\t\t\t\t\t\t\t\t\t\t\t\t\t\t\t\t\t<\/div>\n\t\t\t\t\t\t\t\t\t\t\t\t\t\t\t\t\t<div class=\"image-tools grid-tools text-center hide-for-small bottom hover-slide-in show-on-hover\">\n\t\t\t\t\t\t\t\t\t\t\t\t\t\t\t\t\t\t\t<\/div>\n\t\t\t\t\t\t\t\t\t\t\t\t\t\t\t\t\t\t\t\t\t\t\t<\/div>\n\n\t\t\t\t\t\t\t<div class=\"box-text text-left\" style=\"padding:15px 15px 15px 15px;\">\n\t\t\t\t\t\t\t\t<div class=\"title-wrapper\">\t\t<p class=\"category uppercase is-smaller no-text-overflow product-cat op-8\">\n\t\t\tSide dish\t\t<\/p>\n\t<p class=\"name product-title woocommerce-loop-product__title\"><a href=\"https:\/\/www.soho.is\/en\/product\/hlidarsalat\/\" class=\"woocommerce-LoopProduct-link woocommerce-loop-product__link\">Side salad<\/a><\/p><\/div><div class=\"price-wrapper\">\n\t<span class=\"price\"><span class=\"woocommerce-Price-amount amount\"><bdi>350&nbsp;<span class=\"woocommerce-Price-currencySymbol\">ISK<\/span><\/bdi><\/span><\/span>\n<\/div>\t\t\t\t\t\t\t<\/div>\n\t\t\t\t\t\t<\/div>\n\t\t\t\t\t\t<\/div>\n\t\t\t\t\t<\/div><div class=\"col\" >\n\t\t\t\t\t\t<div class=\"col-inner\">\n\t\t\t\t\t\t\n<div class=\"badge-container absolute left top z-1\">\n\n<\/div>\n\t\t\t\t\t\t<div class=\"product-small box has-hover box-vertical box-text-bottom\">\n\t\t\t\t\t\t\t<div class=\"box-image\" style=\"width:13%;\">\n\t\t\t\t\t\t\t\t<div class=\"image-cover\" style=\"padding-top:100%;\">\n\t\t\t\t\t\t\t\t\t<a href=\"https:\/\/www.soho.is\/en\/product\/braud-og-pesto\/\" aria-label=\"Bread and pesto\">\n\t\t\t\t\t\t\t\t\t\t<img loading=\"lazy\" decoding=\"async\" width=\"47\" height=\"47\" src=\"https:\/\/www.soho.is\/wp-content\/uploads\/2022\/01\/silhouette.svg\" class=\"attachment-medium size-medium\" alt=\"Brau\u00f0 og pest\u00f3\" \/>\t\t\t\t\t\t\t\t\t<\/a>\n\t\t\t\t\t\t\t\t\t\t\t\t\t\t\t\t\t\t \t\t\t\t\t\t\t\t<\/div>\n\t\t\t\t\t\t\t\t<div class=\"image-tools top right show-on-hover\">\n\t\t\t\t\t\t\t\t\t\t\t\t\t\t\t\t\t<\/div>\n\t\t\t\t\t\t\t\t\t\t\t\t\t\t\t\t\t<div class=\"image-tools grid-tools text-center hide-for-small bottom hover-slide-in show-on-hover\">\n\t\t\t\t\t\t\t\t\t\t\t\t\t\t\t\t\t\t\t<\/div>\n\t\t\t\t\t\t\t\t\t\t\t\t\t\t\t\t\t\t\t\t\t\t\t<\/div>\n\n\t\t\t\t\t\t\t<div class=\"box-text text-left\" style=\"padding:15px 15px 15px 15px;\">\n\t\t\t\t\t\t\t\t<div class=\"title-wrapper\">\t\t<p class=\"category uppercase is-smaller no-text-overflow product-cat op-8\">\n\t\t\tSide dish\t\t<\/p>\n\t<p class=\"name product-title woocommerce-loop-product__title\"><a href=\"https:\/\/www.soho.is\/en\/product\/braud-og-pesto\/\" class=\"woocommerce-LoopProduct-link woocommerce-loop-product__link\">Bread and pesto<\/a><\/p><\/div><div class=\"price-wrapper\">\n\t<span class=\"price\"><span class=\"woocommerce-Price-amount amount\"><bdi>450&nbsp;<span class=\"woocommerce-Price-currencySymbol\">ISK<\/span><\/bdi><\/span><\/span>\n<\/div>\t\t\t\t\t\t\t<\/div>\n\t\t\t\t\t\t<\/div>\n\t\t\t\t\t\t<\/div>\n\t\t\t\t\t<\/div><div class=\"col\" >\n\t\t\t\t\t\t<div class=\"col-inner\">\n\t\t\t\t\t\t\n<div class=\"badge-container absolute left top z-1\">\n\n<\/div>\n\t\t\t\t\t\t<div class=\"product-small box has-hover box-vertical box-text-bottom\">\n\t\t\t\t\t\t\t<div class=\"box-image\" style=\"width:13%;\">\n\t\t\t\t\t\t\t\t<div class=\"image-cover\" style=\"padding-top:100%;\">\n\t\t\t\t\t\t\t\t\t<a href=\"https:\/\/www.soho.is\/en\/product\/stor-supa-dagsins\/\" aria-label=\"Big soup of the day\">\n\t\t\t\t\t\t\t\t\t\t<img loading=\"lazy\" decoding=\"async\" width=\"32\" height=\"32\" src=\"https:\/\/www.soho.is\/wp-content\/uploads\/2023\/04\/soup-1.svg\" class=\"attachment-medium size-medium\" alt=\"St\u00f3r s\u00fapa dagsins\" \/>\t\t\t\t\t\t\t\t\t<\/a>\n\t\t\t\t\t\t\t\t\t\t\t\t\t\t\t\t\t\t \t\t\t\t\t\t\t\t<\/div>\n\t\t\t\t\t\t\t\t<div class=\"image-tools top right show-on-hover\">\n\t\t\t\t\t\t\t\t\t\t\t\t\t\t\t\t\t<\/div>\n\t\t\t\t\t\t\t\t\t\t\t\t\t\t\t\t\t<div class=\"image-tools grid-tools text-center hide-for-small bottom hover-slide-in show-on-hover\">\n\t\t\t\t\t\t\t\t\t\t\t\t\t\t\t\t\t\t\t<\/div>\n\t\t\t\t\t\t\t\t\t\t\t\t\t\t\t\t\t\t\t\t\t\t\t<\/div>\n\n\t\t\t\t\t\t\t<div class=\"box-text text-left\" style=\"padding:15px 15px 15px 15px;\">\n\t\t\t\t\t\t\t\t<div class=\"title-wrapper\">\t\t<p class=\"category uppercase is-smaller no-text-overflow product-cat op-8\">\n\t\t\tIndividual dishes\t\t<\/p>\n\t<p class=\"name product-title woocommerce-loop-product__title\"><a href=\"https:\/\/www.soho.is\/en\/product\/stor-supa-dagsins\/\" class=\"woocommerce-LoopProduct-link woocommerce-loop-product__link\">Big soup of the day<\/a><\/p><\/div><div class=\"price-wrapper\">\n\t<span class=\"price\"><span class=\"woocommerce-Price-amount amount\"><bdi>1.250&nbsp;<span class=\"woocommerce-Price-currencySymbol\">ISK<\/span><\/bdi><\/span><\/span>\n<\/div>\t\t\t\t\t\t\t<\/div>\n\t\t\t\t\t\t<\/div>\n\t\t\t\t\t\t<\/div>\n\t\t\t\t\t<\/div><div class=\"col\" >\n\t\t\t\t\t\t<div class=\"col-inner\">\n\t\t\t\t\t\t\n<div class=\"badge-container absolute left top z-1\">\n\n<\/div>\n\t\t\t\t\t\t<div class=\"product-small box has-hover box-vertical box-text-bottom\">\n\t\t\t\t\t\t\t<div class=\"box-image\" style=\"width:13%;\">\n\t\t\t\t\t\t\t\t<div class=\"image-cover\" style=\"padding-top:100%;\">\n\t\t\t\t\t\t\t\t\t<a href=\"https:\/\/www.soho.is\/en\/product\/supa-dagsins\/\" aria-label=\"Soup of the day\">\n\t\t\t\t\t\t\t\t\t\t<img loading=\"lazy\" decoding=\"async\" width=\"32\" height=\"32\" src=\"https:\/\/www.soho.is\/wp-content\/uploads\/2023\/04\/soup-1.svg\" class=\"attachment-medium size-medium\" alt=\"S\u00fapa dagsins\" \/>\t\t\t\t\t\t\t\t\t<\/a>\n\t\t\t\t\t\t\t\t\t\t\t\t\t\t\t\t\t\t \t\t\t\t\t\t\t\t<\/div>\n\t\t\t\t\t\t\t\t<div class=\"image-tools top right show-on-hover\">\n\t\t\t\t\t\t\t\t\t\t\t\t\t\t\t\t\t<\/div>\n\t\t\t\t\t\t\t\t\t\t\t\t\t\t\t\t\t<div class=\"image-tools grid-tools text-center hide-for-small bottom hover-slide-in show-on-hover\">\n\t\t\t\t\t\t\t\t\t\t\t\t\t\t\t\t\t\t\t<\/div>\n\t\t\t\t\t\t\t\t\t\t\t\t\t\t\t\t\t\t\t\t\t\t\t<\/div>\n\n\t\t\t\t\t\t\t<div class=\"box-text text-left\" style=\"padding:15px 15px 15px 15px;\">\n\t\t\t\t\t\t\t\t<div class=\"title-wrapper\">\t\t<p class=\"category uppercase is-smaller no-text-overflow product-cat op-8\">\n\t\t\tSide dishes\t\t<\/p>\n\t<p class=\"name product-title woocommerce-loop-product__title\"><a href=\"https:\/\/www.soho.is\/en\/product\/supa-dagsins\/\" class=\"woocommerce-LoopProduct-link woocommerce-loop-product__link\">Soup of the day<\/a><\/p><\/div><div class=\"price-wrapper\">\n\t<span class=\"price\"><span class=\"woocommerce-Price-amount amount\"><bdi>600&nbsp;<span class=\"woocommerce-Price-currencySymbol\">ISK<\/span><\/bdi><\/span><\/span>\n<\/div>\t\t\t\t\t\t\t<\/div>\n\t\t\t\t\t\t<\/div>\n\t\t\t\t\t\t<\/div>\n\t\t\t\t\t<\/div><div class=\"col\" >\n\t\t\t\t\t\t<div class=\"col-inner\">\n\t\t\t\t\t\t\n<div class=\"badge-container absolute left top z-1\">\n\n<\/div>\n\t\t\t\t\t\t<div class=\"product-small box has-hover box-vertical box-text-bottom\">\n\t\t\t\t\t\t\t<div class=\"box-image\" style=\"width:13%;\">\n\t\t\t\t\t\t\t\t<div class=\"image-cover\" style=\"padding-top:100%;\">\n\t\t\t\t\t\t\t\t\t<a href=\"https:\/\/www.soho.is\/en\/product\/avaxtabox\/\" aria-label=\"Fruit box\">\n\t\t\t\t\t\t\t\t\t\t<img loading=\"lazy\" decoding=\"async\" width=\"512\" height=\"512\" src=\"https:\/\/www.soho.is\/wp-content\/uploads\/2023\/04\/fruit-1.svg\" class=\"attachment-medium size-medium\" alt=\"\u00c1vaxtabox\" \/>\t\t\t\t\t\t\t\t\t<\/a>\n\t\t\t\t\t\t\t\t\t\t\t\t\t\t\t\t\t\t \t\t\t\t\t\t\t\t<\/div>\n\t\t\t\t\t\t\t\t<div class=\"image-tools top right show-on-hover\">\n\t\t\t\t\t\t\t\t\t\t\t\t\t\t\t\t\t<\/div>\n\t\t\t\t\t\t\t\t\t\t\t\t\t\t\t\t\t<div class=\"image-tools grid-tools text-center hide-for-small bottom hover-slide-in show-on-hover\">\n\t\t\t\t\t\t\t\t\t\t\t\t\t\t\t\t\t\t\t<\/div>\n\t\t\t\t\t\t\t\t\t\t\t\t\t\t\t\t\t\t\t\t\t\t\t<\/div>\n\n\t\t\t\t\t\t\t<div class=\"box-text text-left\" style=\"padding:15px 15px 15px 15px;\">\n\t\t\t\t\t\t\t\t<div class=\"title-wrapper\">\t\t<p class=\"category uppercase is-smaller no-text-overflow product-cat op-8\">\n\t\t\tSide dishes\t\t<\/p>\n\t<p class=\"name product-title woocommerce-loop-product__title\"><a href=\"https:\/\/www.soho.is\/en\/product\/avaxtabox\/\" class=\"woocommerce-LoopProduct-link woocommerce-loop-product__link\">Fruit box<\/a><\/p><\/div><div class=\"price-wrapper\">\n\t<span class=\"price\"><span class=\"woocommerce-Price-amount amount\"><bdi>500&nbsp;<span class=\"woocommerce-Price-currencySymbol\">ISK<\/span><\/bdi><\/span><\/span>\n<\/div>\t\t\t\t\t\t\t<\/div>\n\t\t\t\t\t\t<\/div>\n\t\t\t\t\t\t<\/div>\n\t\t\t\t\t<\/div><\/div>\n\n\n\t\t<\/div>\n\n\t\t\n<style>\n#section_403440147 {\n  padding-top: 30px;\n  padding-bottom: 30px;\n}\n<\/style>\n\t<\/section>\n\t\n\n\n\n<p><\/p>","protected":false},"excerpt":{"rendered":"","protected":false},"author":1,"featured_media":0,"parent":0,"menu_order":0,"comment_status":"closed","ping_status":"closed","template":"","meta":{"_acf_changed":false,"footnotes":""},"class_list":["post-4938","page","type-page","status-publish","hentry"],"acf":[],"yoast_head":"<!-- This site is optimized with the Yoast SEO Premium plugin v27.4 (Yoast SEO v27.4) - https:\/\/yoast.com\/product\/yoast-seo-premium-wordpress\/ -->\n<title>Pantanir - Soho.is<\/title>\n<meta name=\"robots\" content=\"index, follow, max-snippet:-1, max-image-preview:large, max-video-preview:-1\" \/>\n<link rel=\"canonical\" href=\"https:\/\/www.soho.is\/en\/pantanir-2\/\" \/>\n<meta property=\"og:locale\" content=\"en_US\" \/>\n<meta property=\"og:type\" content=\"article\" \/>\n<meta property=\"og:title\" content=\"Pantanir\" \/>\n<meta property=\"og:description\" content=\"Soho.is\" \/>\n<meta property=\"og:url\" content=\"https:\/\/www.soho.is\/en\/pantanir-2\/\" \/>\n<meta property=\"og:site_name\" content=\"Soho.is\" \/>\n<meta property=\"article:publisher\" content=\"https:\/\/www.facebook.com\/SohoKeflavik\" \/>\n<meta property=\"article:modified_time\" content=\"2025-10-15T11:41:52+00:00\" \/>\n<meta property=\"og:image\" content=\"https:\/\/www.soho.is\/wp-content\/uploads\/2024\/03\/Hladbord--scaled.jpg\" \/>\n\t<meta property=\"og:image:width\" content=\"1707\" \/>\n\t<meta property=\"og:image:height\" content=\"2560\" \/>\n\t<meta property=\"og:image:type\" content=\"image\/jpeg\" \/>\n<meta name=\"twitter:card\" content=\"summary_large_image\" \/>\n<script type=\"application\/ld+json\" class=\"yoast-schema-graph\">{\"@context\":\"https:\\\/\\\/schema.org\",\"@graph\":[{\"@type\":\"WebPage\",\"@id\":\"https:\\\/\\\/www.soho.is\\\/pantanir-2\\\/\",\"url\":\"https:\\\/\\\/www.soho.is\\\/pantanir-2\\\/\",\"name\":\"Pantanir - Soho.is\",\"isPartOf\":{\"@id\":\"https:\\\/\\\/www.soho.is\\\/#website\"},\"datePublished\":\"2025-10-15T11:23:22+00:00\",\"dateModified\":\"2025-10-15T11:41:52+00:00\",\"breadcrumb\":{\"@id\":\"https:\\\/\\\/www.soho.is\\\/pantanir-2\\\/#breadcrumb\"},\"inLanguage\":\"en-US\",\"potentialAction\":[{\"@type\":\"ReadAction\",\"target\":[\"https:\\\/\\\/www.soho.is\\\/pantanir-2\\\/\"]}]},{\"@type\":\"BreadcrumbList\",\"@id\":\"https:\\\/\\\/www.soho.is\\\/pantanir-2\\\/#breadcrumb\",\"itemListElement\":[{\"@type\":\"ListItem\",\"position\":1,\"name\":\"Home\",\"item\":\"https:\\\/\\\/www.soho.is\\\/\"},{\"@type\":\"ListItem\",\"position\":2,\"name\":\"Pantanir\"}]},{\"@type\":\"WebSite\",\"@id\":\"https:\\\/\\\/www.soho.is\\\/#website\",\"url\":\"https:\\\/\\\/www.soho.is\\\/\",\"name\":\"Soho Keflav\u00edk\",\"description\":\"Soho Veislu\u00fej\u00f3nusta\",\"publisher\":{\"@id\":\"https:\\\/\\\/www.soho.is\\\/#organization\"},\"alternateName\":\"Soho - Veislu\u00fej\u00f3nusta\",\"potentialAction\":[{\"@type\":\"SearchAction\",\"target\":{\"@type\":\"EntryPoint\",\"urlTemplate\":\"https:\\\/\\\/www.soho.is\\\/?s={search_term_string}\"},\"query-input\":{\"@type\":\"PropertyValueSpecification\",\"valueRequired\":true,\"valueName\":\"search_term_string\"}}],\"inLanguage\":\"en-US\"},{\"@type\":\"Organization\",\"@id\":\"https:\\\/\\\/www.soho.is\\\/#organization\",\"name\":\"Soho Veislu\u00fej\u00f3nusta\",\"alternateName\":\"Soho Keflav\u00edk\",\"url\":\"https:\\\/\\\/www.soho.is\\\/\",\"logo\":{\"@type\":\"ImageObject\",\"inLanguage\":\"en-US\",\"@id\":\"https:\\\/\\\/www.soho.is\\\/#\\\/schema\\\/logo\\\/image\\\/\",\"url\":\"https:\\\/\\\/www.soho.is\\\/wp-content\\\/uploads\\\/2021\\\/10\\\/sohoverslun-logo.png\",\"contentUrl\":\"https:\\\/\\\/www.soho.is\\\/wp-content\\\/uploads\\\/2021\\\/10\\\/sohoverslun-logo.png\",\"width\":847,\"height\":300,\"caption\":\"Soho Veislu\u00fej\u00f3nusta\"},\"image\":{\"@id\":\"https:\\\/\\\/www.soho.is\\\/#\\\/schema\\\/logo\\\/image\\\/\"},\"sameAs\":[\"https:\\\/\\\/www.facebook.com\\\/SohoKeflavik\",\"https:\\\/\\\/www.instagram.com\\\/sohokeflavik\\\/\"],\"description\":\"Soho Catering - veislu\u00fej\u00f3nusta\",\"email\":\"soho@soho.is\",\"telephone\":\"+354 4217646\",\"legalName\":\"Soho ehf.\",\"ownershipFundingInfo\":\"https:\\\/\\\/www.soho.is\\\/um-okkur\\\/\",\"correctionsPolicy\":\"https:\\\/\\\/www.soho.is\\\/skilmalar\\\/\",\"ethicsPolicy\":\"https:\\\/\\\/www.soho.is\\\/skilmalar\\\/\"}]}<\/script>\n<!-- \/ Yoast SEO Premium plugin. -->","yoast_head_json":{"title":"Orders - Soho.is","robots":{"index":"index","follow":"follow","max-snippet":"max-snippet:-1","max-image-preview":"max-image-preview:large","max-video-preview":"max-video-preview:-1"},"canonical":"https:\/\/www.soho.is\/en\/pantanir-2\/","og_locale":"en_US","og_type":"article","og_title":"Pantanir","og_description":"Soho.is","og_url":"https:\/\/www.soho.is\/en\/pantanir-2\/","og_site_name":"Soho.is","article_publisher":"https:\/\/www.facebook.com\/SohoKeflavik","article_modified_time":"2025-10-15T11:41:52+00:00","og_image":[{"width":1707,"height":2560,"url":"https:\/\/www.soho.is\/wp-content\/uploads\/2024\/03\/Hladbord--scaled.jpg","type":"image\/jpeg"}],"twitter_card":"summary_large_image","schema":{"@context":"https:\/\/schema.org","@graph":[{"@type":"WebPage","@id":"https:\/\/www.soho.is\/pantanir-2\/","url":"https:\/\/www.soho.is\/pantanir-2\/","name":"Orders - Soho.is","isPartOf":{"@id":"https:\/\/www.soho.is\/#website"},"datePublished":"2025-10-15T11:23:22+00:00","dateModified":"2025-10-15T11:41:52+00:00","breadcrumb":{"@id":"https:\/\/www.soho.is\/pantanir-2\/#breadcrumb"},"inLanguage":"en-US","potentialAction":[{"@type":"ReadAction","target":["https:\/\/www.soho.is\/pantanir-2\/"]}]},{"@type":"BreadcrumbList","@id":"https:\/\/www.soho.is\/pantanir-2\/#breadcrumb","itemListElement":[{"@type":"ListItem","position":1,"name":"Home","item":"https:\/\/www.soho.is\/"},{"@type":"ListItem","position":2,"name":"Pantanir"}]},{"@type":"WebSite","@id":"https:\/\/www.soho.is\/#website","url":"https:\/\/www.soho.is\/","name":"Soho Keflavik","description":"Soho Catering","publisher":{"@id":"https:\/\/www.soho.is\/#organization"},"alternateName":"Soho - Veislu\u00fej\u00f3nusta","potentialAction":[{"@type":"SearchAction","target":{"@type":"EntryPoint","urlTemplate":"https:\/\/www.soho.is\/?s={search_term_string}"},"query-input":{"@type":"PropertyValueSpecification","valueRequired":true,"valueName":"search_term_string"}}],"inLanguage":"en-US"},{"@type":"Organization","@id":"https:\/\/www.soho.is\/#organization","name":"Soho Catering","alternateName":"Soho Keflav\u00edk","url":"https:\/\/www.soho.is\/","logo":{"@type":"ImageObject","inLanguage":"en-US","@id":"https:\/\/www.soho.is\/#\/schema\/logo\/image\/","url":"https:\/\/www.soho.is\/wp-content\/uploads\/2021\/10\/sohoverslun-logo.png","contentUrl":"https:\/\/www.soho.is\/wp-content\/uploads\/2021\/10\/sohoverslun-logo.png","width":847,"height":300,"caption":"Soho Veislu\u00fej\u00f3nusta"},"image":{"@id":"https:\/\/www.soho.is\/#\/schema\/logo\/image\/"},"sameAs":["https:\/\/www.facebook.com\/SohoKeflavik","https:\/\/www.instagram.com\/sohokeflavik\/"],"description":"Soho Catering - catering services","email":"soho@soho.is","telephone":"+354 4217646","legalName":"Soho ehf.","ownershipFundingInfo":"https:\/\/www.soho.is\/um-okkur\/","correctionsPolicy":"https:\/\/www.soho.is\/skilmalar\/","ethicsPolicy":"https:\/\/www.soho.is\/skilmalar\/"}]}},"_links":{"self":[{"href":"https:\/\/www.soho.is\/en\/wp-json\/wp\/v2\/pages\/4938","targetHints":{"allow":["GET"]}}],"collection":[{"href":"https:\/\/www.soho.is\/en\/wp-json\/wp\/v2\/pages"}],"about":[{"href":"https:\/\/www.soho.is\/en\/wp-json\/wp\/v2\/types\/page"}],"author":[{"embeddable":true,"href":"https:\/\/www.soho.is\/en\/wp-json\/wp\/v2\/users\/1"}],"replies":[{"embeddable":true,"href":"https:\/\/www.soho.is\/en\/wp-json\/wp\/v2\/comments?post=4938"}],"version-history":[{"count":5,"href":"https:\/\/www.soho.is\/en\/wp-json\/wp\/v2\/pages\/4938\/revisions"}],"predecessor-version":[{"id":8090,"href":"https:\/\/www.soho.is\/en\/wp-json\/wp\/v2\/pages\/4938\/revisions\/8090"}],"wp:attachment":[{"href":"https:\/\/www.soho.is\/en\/wp-json\/wp\/v2\/media?parent=4938"}],"curies":[{"name":"wp","href":"https:\/\/api.w.org\/{rel}","templated":true}]}}