{"id":11,"date":"2021-10-08T15:16:30","date_gmt":"2021-10-08T15:16:30","guid":{"rendered":"https:\/\/www.soho.is\/?page_id=11"},"modified":"2021-10-14T11:31:37","modified_gmt":"2021-10-14T11:31:37","slug":"min-sida","status":"publish","type":"page","link":"https:\/\/www.soho.is\/en\/min-sida\/","title":{"rendered":"My site"},"content":{"rendered":"<div class=\"woocommerce\"><\/div>","protected":false},"excerpt":{"rendered":"","protected":false},"author":1,"featured_media":0,"parent":0,"menu_order":0,"comment_status":"closed","ping_status":"closed","template":"","meta":{"_acf_changed":false,"footnotes":""},"class_list":["post-11","page","type-page","status-publish","hentry"],"acf":[],"yoast_head":"<!-- This site is optimized with the Yoast SEO Premium plugin v27.4 (Yoast SEO v27.4) - https:\/\/yoast.com\/product\/yoast-seo-premium-wordpress\/ -->\n<title>M\u00edn s\u00ed\u00f0a - Soho.is<\/title>\n<meta name=\"robots\" content=\"noindex, follow\" \/>\n<meta property=\"og:locale\" content=\"en_US\" \/>\n<meta property=\"og:type\" content=\"article\" \/>\n<meta property=\"og:title\" content=\"M\u00edn s\u00ed\u00f0a\" \/>\n<meta property=\"og:description\" content=\"Soho.is\" \/>\n<meta property=\"og:url\" content=\"https:\/\/www.soho.is\/en\/min-sida\/\" \/>\n<meta property=\"og:site_name\" content=\"Soho.is\" \/>\n<meta property=\"article:publisher\" content=\"https:\/\/www.facebook.com\/SohoKeflavik\" \/>\n<meta property=\"article:modified_time\" content=\"2021-10-14T11:31:37+00:00\" \/>\n<meta property=\"og:image\" content=\"https:\/\/www.soho.is\/wp-content\/uploads\/2024\/03\/Hladbord--scaled.jpg\" \/>\n\t<meta property=\"og:image:width\" content=\"1707\" \/>\n\t<meta property=\"og:image:height\" content=\"2560\" \/>\n\t<meta property=\"og:image:type\" content=\"image\/jpeg\" \/>\n<meta name=\"twitter:card\" content=\"summary_large_image\" \/>\n<script type=\"application\/ld+json\" class=\"yoast-schema-graph\">{\"@context\":\"https:\\\/\\\/schema.org\",\"@graph\":[{\"@type\":\"WebPage\",\"@id\":\"https:\\\/\\\/www.soho.is\\\/min-sida\\\/\",\"url\":\"https:\\\/\\\/www.soho.is\\\/min-sida\\\/\",\"name\":\"M\u00edn s\u00ed\u00f0a - Soho.is\",\"isPartOf\":{\"@id\":\"https:\\\/\\\/www.soho.is\\\/#website\"},\"datePublished\":\"2021-10-08T15:16:30+00:00\",\"dateModified\":\"2021-10-14T11:31:37+00:00\",\"breadcrumb\":{\"@id\":\"https:\\\/\\\/www.soho.is\\\/min-sida\\\/#breadcrumb\"},\"inLanguage\":\"en-US\",\"potentialAction\":[{\"@type\":\"ReadAction\",\"target\":[\"https:\\\/\\\/www.soho.is\\\/min-sida\\\/\"]}]},{\"@type\":\"BreadcrumbList\",\"@id\":\"https:\\\/\\\/www.soho.is\\\/min-sida\\\/#breadcrumb\",\"itemListElement\":[{\"@type\":\"ListItem\",\"position\":1,\"name\":\"Home\",\"item\":\"https:\\\/\\\/www.soho.is\\\/\"},{\"@type\":\"ListItem\",\"position\":2,\"name\":\"M\u00edn s\u00ed\u00f0a\"}]},{\"@type\":\"WebSite\",\"@id\":\"https:\\\/\\\/www.soho.is\\\/#website\",\"url\":\"https:\\\/\\\/www.soho.is\\\/\",\"name\":\"Soho Keflav\u00edk\",\"description\":\"Soho Veislu\u00fej\u00f3nusta\",\"publisher\":{\"@id\":\"https:\\\/\\\/www.soho.is\\\/#organization\"},\"alternateName\":\"Soho - Veislu\u00fej\u00f3nusta\",\"potentialAction\":[{\"@type\":\"SearchAction\",\"target\":{\"@type\":\"EntryPoint\",\"urlTemplate\":\"https:\\\/\\\/www.soho.is\\\/?s={search_term_string}\"},\"query-input\":{\"@type\":\"PropertyValueSpecification\",\"valueRequired\":true,\"valueName\":\"search_term_string\"}}],\"inLanguage\":\"en-US\"},{\"@type\":\"Organization\",\"@id\":\"https:\\\/\\\/www.soho.is\\\/#organization\",\"name\":\"Soho Veislu\u00fej\u00f3nusta\",\"alternateName\":\"Soho Keflav\u00edk\",\"url\":\"https:\\\/\\\/www.soho.is\\\/\",\"logo\":{\"@type\":\"ImageObject\",\"inLanguage\":\"en-US\",\"@id\":\"https:\\\/\\\/www.soho.is\\\/#\\\/schema\\\/logo\\\/image\\\/\",\"url\":\"https:\\\/\\\/www.soho.is\\\/wp-content\\\/uploads\\\/2021\\\/10\\\/sohoverslun-logo.png\",\"contentUrl\":\"https:\\\/\\\/www.soho.is\\\/wp-content\\\/uploads\\\/2021\\\/10\\\/sohoverslun-logo.png\",\"width\":847,\"height\":300,\"caption\":\"Soho Veislu\u00fej\u00f3nusta\"},\"image\":{\"@id\":\"https:\\\/\\\/www.soho.is\\\/#\\\/schema\\\/logo\\\/image\\\/\"},\"sameAs\":[\"https:\\\/\\\/www.facebook.com\\\/SohoKeflavik\",\"https:\\\/\\\/www.instagram.com\\\/sohokeflavik\\\/\"],\"description\":\"Soho Catering - veislu\u00fej\u00f3nusta\",\"email\":\"soho@soho.is\",\"telephone\":\"+354 4217646\",\"legalName\":\"Soho ehf.\",\"ownershipFundingInfo\":\"https:\\\/\\\/www.soho.is\\\/um-okkur\\\/\",\"correctionsPolicy\":\"https:\\\/\\\/www.soho.is\\\/skilmalar\\\/\",\"ethicsPolicy\":\"https:\\\/\\\/www.soho.is\\\/skilmalar\\\/\"}]}<\/script>\n<!-- \/ Yoast SEO Premium plugin. -->","yoast_head_json":{"title":"My page - Soho.is","robots":{"index":"noindex","follow":"follow"},"og_locale":"en_US","og_type":"article","og_title":"M\u00edn s\u00ed\u00f0a","og_description":"Soho.is","og_url":"https:\/\/www.soho.is\/en\/min-sida\/","og_site_name":"Soho.is","article_publisher":"https:\/\/www.facebook.com\/SohoKeflavik","article_modified_time":"2021-10-14T11:31:37+00:00","og_image":[{"width":1707,"height":2560,"url":"https:\/\/www.soho.is\/wp-content\/uploads\/2024\/03\/Hladbord--scaled.jpg","type":"image\/jpeg"}],"twitter_card":"summary_large_image","schema":{"@context":"https:\/\/schema.org","@graph":[{"@type":"WebPage","@id":"https:\/\/www.soho.is\/min-sida\/","url":"https:\/\/www.soho.is\/min-sida\/","name":"My page - Soho.is","isPartOf":{"@id":"https:\/\/www.soho.is\/#website"},"datePublished":"2021-10-08T15:16:30+00:00","dateModified":"2021-10-14T11:31:37+00:00","breadcrumb":{"@id":"https:\/\/www.soho.is\/min-sida\/#breadcrumb"},"inLanguage":"en-US","potentialAction":[{"@type":"ReadAction","target":["https:\/\/www.soho.is\/min-sida\/"]}]},{"@type":"BreadcrumbList","@id":"https:\/\/www.soho.is\/min-sida\/#breadcrumb","itemListElement":[{"@type":"ListItem","position":1,"name":"Home","item":"https:\/\/www.soho.is\/"},{"@type":"ListItem","position":2,"name":"M\u00edn s\u00ed\u00f0a"}]},{"@type":"WebSite","@id":"https:\/\/www.soho.is\/#website","url":"https:\/\/www.soho.is\/","name":"Soho Keflavik","description":"Soho Catering","publisher":{"@id":"https:\/\/www.soho.is\/#organization"},"alternateName":"Soho - Veislu\u00fej\u00f3nusta","potentialAction":[{"@type":"SearchAction","target":{"@type":"EntryPoint","urlTemplate":"https:\/\/www.soho.is\/?s={search_term_string}"},"query-input":{"@type":"PropertyValueSpecification","valueRequired":true,"valueName":"search_term_string"}}],"inLanguage":"en-US"},{"@type":"Organization","@id":"https:\/\/www.soho.is\/#organization","name":"Soho Catering","alternateName":"Soho Keflav\u00edk","url":"https:\/\/www.soho.is\/","logo":{"@type":"ImageObject","inLanguage":"en-US","@id":"https:\/\/www.soho.is\/#\/schema\/logo\/image\/","url":"https:\/\/www.soho.is\/wp-content\/uploads\/2021\/10\/sohoverslun-logo.png","contentUrl":"https:\/\/www.soho.is\/wp-content\/uploads\/2021\/10\/sohoverslun-logo.png","width":847,"height":300,"caption":"Soho Veislu\u00fej\u00f3nusta"},"image":{"@id":"https:\/\/www.soho.is\/#\/schema\/logo\/image\/"},"sameAs":["https:\/\/www.facebook.com\/SohoKeflavik","https:\/\/www.instagram.com\/sohokeflavik\/"],"description":"Soho Catering - catering services","email":"soho@soho.is","telephone":"+354 4217646","legalName":"Soho ehf.","ownershipFundingInfo":"https:\/\/www.soho.is\/um-okkur\/","correctionsPolicy":"https:\/\/www.soho.is\/skilmalar\/","ethicsPolicy":"https:\/\/www.soho.is\/skilmalar\/"}]}},"_links":{"self":[{"href":"https:\/\/www.soho.is\/en\/wp-json\/wp\/v2\/pages\/11","targetHints":{"allow":["GET"]}}],"collection":[{"href":"https:\/\/www.soho.is\/en\/wp-json\/wp\/v2\/pages"}],"about":[{"href":"https:\/\/www.soho.is\/en\/wp-json\/wp\/v2\/types\/page"}],"author":[{"embeddable":true,"href":"https:\/\/www.soho.is\/en\/wp-json\/wp\/v2\/users\/1"}],"replies":[{"embeddable":true,"href":"https:\/\/www.soho.is\/en\/wp-json\/wp\/v2\/comments?post=11"}],"version-history":[{"count":1,"href":"https:\/\/www.soho.is\/en\/wp-json\/wp\/v2\/pages\/11\/revisions"}],"predecessor-version":[{"id":130,"href":"https:\/\/www.soho.is\/en\/wp-json\/wp\/v2\/pages\/11\/revisions\/130"}],"wp:attachment":[{"href":"https:\/\/www.soho.is\/en\/wp-json\/wp\/v2\/media?parent=11"}],"curies":[{"name":"wp","href":"https:\/\/api.w.org\/{rel}","templated":true}]}}